{"id":39180,"date":"2017-10-04T13:17:07","date_gmt":"2017-10-04T12:17:07","guid":{"rendered":"http:\/\/www.rockonwall.com\/product\/uncategorized\/flight-case-50-lp\/"},"modified":"2026-02-02T12:21:53","modified_gmt":"2026-02-02T11:21:53","slug":"flight-case-50-lp","status":"publish","type":"product","link":"https:\/\/legacy.rockonwall.com\/en\/product\/vinyl-accessories\/vinyl-storing\/flight-case-50-lp\/","title":{"rendered":"Flight Case pour disques vinyles &#8211; rangement et transport de 50 33T"},"content":{"rendered":"<p style=\"text-align: justify;\">Flight case en aluminium \u00e0 fermeture frontale pour le transport et le stockage en toute s\u00e9curit\u00e9 d\u2019une cinquantaine de <strong>disques vinyles<\/strong> 33T. Dot\u00e9e d\u2019une poign\u00e9e de transport en ABS, de pieds en caoutchouc, d\u2019une mousse interne \u00e0 m\u00e9moire de forme et d\u2019une fermeture cadenassable, la flight case Rock on Wall est aussi solide que l\u00e9g\u00e8re et vous pouvez lui confier vos <strong>disques vinyles<\/strong> les plus pr\u00e9cieux sans la moindre crainte.<\/p>\n<p><iframe loading=\"lazy\" title=\"Flight Case 50 LP Black\" width=\"500\" height=\"281\" src=\"https:\/\/www.youtube.com\/embed\/Rbkw2Y6XdpU?feature=oembed\" frameborder=\"0\" allow=\"accelerometer; autoplay; clipboard-write; encrypted-media; gyroscope; picture-in-picture; web-share\" referrerpolicy=\"strict-origin-when-cross-origin\" allowfullscreen><\/iframe><\/p>\n","protected":false},"excerpt":{"rendered":"<p>Flight case en aluminium \u00e0 fermeture frontale pour le transport et le stockage en toute s\u00e9curit\u00e9 d\u2019une cinquantaine de disques vinyles 33T. Dot\u00e9e d\u2019une poign\u00e9e de transport en ABS, de pieds en caoutchouc, d\u2019une mousse interne \u00e0 m\u00e9moire de forme et d\u2019une fermeture cadenassable, la flight case Rock on Wall est aussi solide que l\u00e9g\u00e8re et vous pouvez lui confier [&hellip;]<\/p>\n","protected":false},"featured_media":36097,"template":"","meta":{"_acf_changed":false,"content-type":""},"product_brand":[],"product_cat":[1383],"product_tag":[],"class_list":{"0":"post-39180","1":"product","2":"type-product","3":"status-publish","4":"has-post-thumbnail","6":"product_cat-vinyl-storing","7":"pa_hauteur-375cm-en","8":"pa_largeur-345cm-en","10":"first","11":"instock","12":"taxable","13":"shipping-taxable","14":"purchasable","15":"product-type-simple"},"acf":[],"_links":{"self":[{"href":"https:\/\/legacy.rockonwall.com\/en\/wp-json\/wp\/v2\/product\/39180","targetHints":{"allow":["GET"]}}],"collection":[{"href":"https:\/\/legacy.rockonwall.com\/en\/wp-json\/wp\/v2\/product"}],"about":[{"href":"https:\/\/legacy.rockonwall.com\/en\/wp-json\/wp\/v2\/types\/product"}],"wp:featuredmedia":[{"embeddable":true,"href":"https:\/\/legacy.rockonwall.com\/en\/wp-json\/wp\/v2\/media\/36097"}],"wp:attachment":[{"href":"https:\/\/legacy.rockonwall.com\/en\/wp-json\/wp\/v2\/media?parent=39180"}],"wp:term":[{"taxonomy":"product_brand","embeddable":true,"href":"https:\/\/legacy.rockonwall.com\/en\/wp-json\/wp\/v2\/product_brand?post=39180"},{"taxonomy":"product_cat","embeddable":true,"href":"https:\/\/legacy.rockonwall.com\/en\/wp-json\/wp\/v2\/product_cat?post=39180"},{"taxonomy":"product_tag","embeddable":true,"href":"https:\/\/legacy.rockonwall.com\/en\/wp-json\/wp\/v2\/product_tag?post=39180"}],"curies":[{"name":"wp","href":"https:\/\/api.w.org\/{rel}","templated":true}]}}