{"id":40037,"date":"2016-11-08T08:38:14","date_gmt":"2016-11-08T07:38:14","guid":{"rendered":"http:\/\/www.rockonwall.com\/product\/uncategorized\/flight-case-45t\/"},"modified":"2026-02-02T12:21:42","modified_gmt":"2026-02-02T11:21:42","slug":"flight-case-45t","status":"publish","type":"product","link":"https:\/\/legacy.rockonwall.com\/en\/product\/vinyl-accessories\/vinyl-storing\/flight-case-45t\/","title":{"rendered":"Flight Case pour disques vinyles 45T"},"content":{"rendered":"<p style=\"text-align: justify;\">Valise de transport et de rangement pour disques vinyles en aluminium \u00e0 fermeture frontale pour le transport et le stockage en toute s\u00e9curit\u00e9 d\u2019une cinquantaine de <strong>disques vinyles<\/strong>\u00a045T.<\/p>\n<p style=\"text-align: justify;\">Dot\u00e9e d\u2019une poign\u00e9e de transport en ABS, de pieds en caoutchouc, d\u2019une mousse interne \u00e0 m\u00e9moire de forme et d\u2019une fermeture sauterelle, la flight case Rock on Wall est aussi solide que l\u00e9g\u00e8re et vous pouvez lui confier vos\u00a0<strong>disques vinyles<\/strong>\u00a0les plus pr\u00e9cieux sans la moindre crainte.<\/p>\n","protected":false},"excerpt":{"rendered":"<p>Valise de transport et de rangement pour disques vinyles en aluminium \u00e0 fermeture frontale pour le transport et le stockage en toute s\u00e9curit\u00e9 d\u2019une cinquantaine de disques vinyles\u00a045T. Dot\u00e9e d\u2019une poign\u00e9e de transport en ABS, de pieds en caoutchouc, d\u2019une mousse interne \u00e0 m\u00e9moire de forme et d\u2019une fermeture sauterelle, la flight case Rock on Wall est aussi solide que [&hellip;]<\/p>\n","protected":false},"featured_media":31048,"template":"","meta":{"_acf_changed":false,"content-type":""},"product_brand":[],"product_cat":[1383],"product_tag":[],"class_list":{"0":"post-40037","1":"product","2":"type-product","3":"status-publish","4":"has-post-thumbnail","6":"product_cat-vinyl-storing","7":"pa_hauteur-255-cm-en","8":"pa_largeur-21-cm-en","10":"first","11":"instock","12":"taxable","13":"shipping-taxable","14":"purchasable","15":"product-type-simple"},"acf":[],"_links":{"self":[{"href":"https:\/\/legacy.rockonwall.com\/en\/wp-json\/wp\/v2\/product\/40037","targetHints":{"allow":["GET"]}}],"collection":[{"href":"https:\/\/legacy.rockonwall.com\/en\/wp-json\/wp\/v2\/product"}],"about":[{"href":"https:\/\/legacy.rockonwall.com\/en\/wp-json\/wp\/v2\/types\/product"}],"wp:featuredmedia":[{"embeddable":true,"href":"https:\/\/legacy.rockonwall.com\/en\/wp-json\/wp\/v2\/media\/31048"}],"wp:attachment":[{"href":"https:\/\/legacy.rockonwall.com\/en\/wp-json\/wp\/v2\/media?parent=40037"}],"wp:term":[{"taxonomy":"product_brand","embeddable":true,"href":"https:\/\/legacy.rockonwall.com\/en\/wp-json\/wp\/v2\/product_brand?post=40037"},{"taxonomy":"product_cat","embeddable":true,"href":"https:\/\/legacy.rockonwall.com\/en\/wp-json\/wp\/v2\/product_cat?post=40037"},{"taxonomy":"product_tag","embeddable":true,"href":"https:\/\/legacy.rockonwall.com\/en\/wp-json\/wp\/v2\/product_tag?post=40037"}],"curies":[{"name":"wp","href":"https:\/\/api.w.org\/{rel}","templated":true}]}}