{"id":44820,"date":"2021-10-25T14:54:46","date_gmt":"2021-10-25T13:54:46","guid":{"rendered":"https:\/\/www.rockonwall.com\/?post_type=product&#038;p=44820"},"modified":"2021-10-25T15:03:26","modified_gmt":"2021-10-25T14:03:26","slug":"neil-young-harvest","status":"publish","type":"product","link":"https:\/\/legacy.rockonwall.com\/en\/product\/vinyls-records\/folk-en\/neil-young-harvest\/","title":{"rendered":"Neil Young \u2013 Harvest"},"content":{"rendered":"<p style=\"text-align: justify;\">Disque vinyle d\u2019occasion de <strong>Neil Young \u2013 Harvest<\/strong>, neuf mais l\u00e9g\u00e8rement abim\u00e9 sur la tranche du dessus.<\/p>\n","protected":false},"excerpt":{"rendered":"<h2><span style=\"color: #e01e10;\">Neil Young \u2013 Harvest<\/span><\/h2>\n","protected":false},"featured_media":44822,"template":"","meta":{"_acf_changed":false,"content-type":""},"product_brand":[],"product_cat":[1587],"product_tag":[],"class_list":{"0":"post-44820","1":"product","2":"type-product","3":"status-publish","4":"has-post-thumbnail","6":"product_cat-folk-en","8":"first","9":"outofstock","10":"taxable","11":"shipping-taxable","12":"purchasable","13":"product-type-simple"},"acf":[],"_links":{"self":[{"href":"https:\/\/legacy.rockonwall.com\/en\/wp-json\/wp\/v2\/product\/44820","targetHints":{"allow":["GET"]}}],"collection":[{"href":"https:\/\/legacy.rockonwall.com\/en\/wp-json\/wp\/v2\/product"}],"about":[{"href":"https:\/\/legacy.rockonwall.com\/en\/wp-json\/wp\/v2\/types\/product"}],"wp:featuredmedia":[{"embeddable":true,"href":"https:\/\/legacy.rockonwall.com\/en\/wp-json\/wp\/v2\/media\/44822"}],"wp:attachment":[{"href":"https:\/\/legacy.rockonwall.com\/en\/wp-json\/wp\/v2\/media?parent=44820"}],"wp:term":[{"taxonomy":"product_brand","embeddable":true,"href":"https:\/\/legacy.rockonwall.com\/en\/wp-json\/wp\/v2\/product_brand?post=44820"},{"taxonomy":"product_cat","embeddable":true,"href":"https:\/\/legacy.rockonwall.com\/en\/wp-json\/wp\/v2\/product_cat?post=44820"},{"taxonomy":"product_tag","embeddable":true,"href":"https:\/\/legacy.rockonwall.com\/en\/wp-json\/wp\/v2\/product_tag?post=44820"}],"curies":[{"name":"wp","href":"https:\/\/api.w.org\/{rel}","templated":true}]}}