{"id":44831,"date":"2021-10-25T15:14:11","date_gmt":"2021-10-25T14:14:11","guid":{"rendered":"https:\/\/www.rockonwall.com\/?post_type=product&#038;p=44831"},"modified":"2021-11-08T18:00:56","modified_gmt":"2021-11-08T17:00:56","slug":"nirvana-nevermind","status":"publish","type":"product","link":"https:\/\/legacy.rockonwall.com\/en\/product\/vinyls-records\/poprock\/nirvana-nevermind\/","title":{"rendered":"Nirvana \u2013 Nevermind"},"content":{"rendered":"<p style=\"text-align: justify;\">Disque vinyle d\u2019occasion de Jeanne <strong>Nirvana \u2013 Nevermind<\/strong>, neuf mais l\u00e9g\u00e8rement abim\u00e9 sur la tranche du dessus.<\/p>\n","protected":false},"excerpt":{"rendered":"<h2><span style=\"color: #e01e10;\">Nirvana \u2013 Nevermind<\/span><\/h2>\n","protected":false},"featured_media":44837,"template":"","meta":{"_acf_changed":false,"content-type":""},"product_brand":[],"product_cat":[1391],"product_tag":[],"class_list":{"0":"post-44831","1":"product","2":"type-product","3":"status-publish","4":"has-post-thumbnail","6":"product_cat-poprock","8":"first","9":"outofstock","10":"taxable","11":"shipping-taxable","12":"purchasable","13":"product-type-simple"},"acf":[],"_links":{"self":[{"href":"https:\/\/legacy.rockonwall.com\/en\/wp-json\/wp\/v2\/product\/44831","targetHints":{"allow":["GET"]}}],"collection":[{"href":"https:\/\/legacy.rockonwall.com\/en\/wp-json\/wp\/v2\/product"}],"about":[{"href":"https:\/\/legacy.rockonwall.com\/en\/wp-json\/wp\/v2\/types\/product"}],"wp:featuredmedia":[{"embeddable":true,"href":"https:\/\/legacy.rockonwall.com\/en\/wp-json\/wp\/v2\/media\/44837"}],"wp:attachment":[{"href":"https:\/\/legacy.rockonwall.com\/en\/wp-json\/wp\/v2\/media?parent=44831"}],"wp:term":[{"taxonomy":"product_brand","embeddable":true,"href":"https:\/\/legacy.rockonwall.com\/en\/wp-json\/wp\/v2\/product_brand?post=44831"},{"taxonomy":"product_cat","embeddable":true,"href":"https:\/\/legacy.rockonwall.com\/en\/wp-json\/wp\/v2\/product_cat?post=44831"},{"taxonomy":"product_tag","embeddable":true,"href":"https:\/\/legacy.rockonwall.com\/en\/wp-json\/wp\/v2\/product_tag?post=44831"}],"curies":[{"name":"wp","href":"https:\/\/api.w.org\/{rel}","templated":true}]}}