{"id":45188,"date":"2022-02-15T17:22:07","date_gmt":"2022-02-15T16:22:07","guid":{"rendered":"https:\/\/www.rockonwall.com\/?post_type=product&#038;p=45188"},"modified":"2025-06-02T09:17:52","modified_gmt":"2025-06-02T08:17:52","slug":"chiffon-anti-statique-pour-disque-vinyle-fabrication-eu","status":"publish","type":"product","link":"https:\/\/legacy.rockonwall.com\/en\/product\/vinyl-accessories\/vinyl-maintenance\/chiffon-anti-statique-pour-disque-vinyle-fabrication-eu\/","title":{"rendered":"Chiffon anti-statique pour disque vinyle (Fabrication EU)"},"content":{"rendered":"<p style=\"text-align: justify;\">Chiffon anti-statique silicon\u00e9 pour <strong>disque vinyle<\/strong> permettant le d\u00e9poussi\u00e9rage de la surface du disque et le d\u00e9chargement de l&#8217;\u00e9lectricit\u00e9 statique.<\/p>\n","protected":false},"excerpt":{"rendered":"<p>Chiffon anti-statique silicon\u00e9 pour disque vinyle permettant le d\u00e9poussi\u00e9rage de la surface du disque et le d\u00e9chargement de l&#8217;\u00e9lectricit\u00e9 statique.<\/p>\n","protected":false},"featured_media":45196,"template":"","meta":{"_acf_changed":false,"content-type":""},"product_brand":[],"product_cat":[1382],"product_tag":[],"class_list":{"0":"post-45188","1":"product","2":"type-product","3":"status-publish","4":"has-post-thumbnail","6":"product_cat-vinyl-maintenance","8":"first","9":"instock","10":"taxable","11":"shipping-taxable","12":"purchasable","13":"product-type-simple"},"acf":[],"_links":{"self":[{"href":"https:\/\/legacy.rockonwall.com\/en\/wp-json\/wp\/v2\/product\/45188","targetHints":{"allow":["GET"]}}],"collection":[{"href":"https:\/\/legacy.rockonwall.com\/en\/wp-json\/wp\/v2\/product"}],"about":[{"href":"https:\/\/legacy.rockonwall.com\/en\/wp-json\/wp\/v2\/types\/product"}],"wp:featuredmedia":[{"embeddable":true,"href":"https:\/\/legacy.rockonwall.com\/en\/wp-json\/wp\/v2\/media\/45196"}],"wp:attachment":[{"href":"https:\/\/legacy.rockonwall.com\/en\/wp-json\/wp\/v2\/media?parent=45188"}],"wp:term":[{"taxonomy":"product_brand","embeddable":true,"href":"https:\/\/legacy.rockonwall.com\/en\/wp-json\/wp\/v2\/product_brand?post=45188"},{"taxonomy":"product_cat","embeddable":true,"href":"https:\/\/legacy.rockonwall.com\/en\/wp-json\/wp\/v2\/product_cat?post=45188"},{"taxonomy":"product_tag","embeddable":true,"href":"https:\/\/legacy.rockonwall.com\/en\/wp-json\/wp\/v2\/product_tag?post=45188"}],"curies":[{"name":"wp","href":"https:\/\/api.w.org\/{rel}","templated":true}]}}