{"id":45242,"date":"2022-02-23T14:37:36","date_gmt":"2022-02-23T13:37:36","guid":{"rendered":"https:\/\/www.rockonwall.com\/?post_type=product&#038;p=45242"},"modified":"2025-06-24T15:11:39","modified_gmt":"2025-06-24T14:11:39","slug":"produit-nettoyant-naturel-50ml","status":"publish","type":"product","link":"https:\/\/legacy.rockonwall.com\/en\/product\/vinyl-accessories\/vinyl-maintenance\/produit-nettoyant-naturel-50ml\/","title":{"rendered":"Nettoyant pour disque vinyle"},"content":{"rendered":"<p style=\"text-align: justify;\">Liquide de nettoyage avec agents naturels pour <strong>disques vinyles<\/strong> \u00e0 appliquer \u00e0 l&#8217;aide d&#8217;un chiffon ou d&#8217;un tampon velours. Cette solution de nettoyage \u00e0 99% d&#8217;origine naturelle permet le d\u00e9poussi\u00e9rage\/d\u00e9graissage en profondeur des<strong> disques vinyles 33T<\/strong>, r\u00e9duisant ainsi les craquements parasites et la distorsion li\u00e9e \u00e0 la friction entre la t\u00eate de lecture et le sillon.<\/p>\n<p style=\"text-align: justify;\">Pr\u00e8s de 200 utilisations avec ce flacon de 50ml.<\/p>\n","protected":false},"excerpt":{"rendered":"<p>Liquide de nettoyage avec agents naturels pour disques vinyles \u00e0 appliquer \u00e0 l&#8217;aide d&#8217;un chiffon ou d&#8217;un tampon velours. Cette solution de nettoyage \u00e0 99% d&#8217;origine naturelle permet le d\u00e9poussi\u00e9rage\/d\u00e9graissage en profondeur des disques vinyles 33T, r\u00e9duisant ainsi les craquements parasites et la distorsion li\u00e9e \u00e0 la friction entre la t\u00eate de lecture et le sillon. Pr\u00e8s de 200 utilisations [&hellip;]<\/p>\n","protected":false},"featured_media":47964,"template":"","meta":{"_acf_changed":false,"content-type":""},"product_brand":[],"product_cat":[1382],"product_tag":[],"class_list":{"0":"post-45242","1":"product","2":"type-product","3":"status-publish","4":"has-post-thumbnail","6":"product_cat-vinyl-maintenance","8":"first","9":"instock","10":"taxable","11":"shipping-taxable","12":"purchasable","13":"product-type-simple"},"acf":[],"_links":{"self":[{"href":"https:\/\/legacy.rockonwall.com\/en\/wp-json\/wp\/v2\/product\/45242","targetHints":{"allow":["GET"]}}],"collection":[{"href":"https:\/\/legacy.rockonwall.com\/en\/wp-json\/wp\/v2\/product"}],"about":[{"href":"https:\/\/legacy.rockonwall.com\/en\/wp-json\/wp\/v2\/types\/product"}],"wp:featuredmedia":[{"embeddable":true,"href":"https:\/\/legacy.rockonwall.com\/en\/wp-json\/wp\/v2\/media\/47964"}],"wp:attachment":[{"href":"https:\/\/legacy.rockonwall.com\/en\/wp-json\/wp\/v2\/media?parent=45242"}],"wp:term":[{"taxonomy":"product_brand","embeddable":true,"href":"https:\/\/legacy.rockonwall.com\/en\/wp-json\/wp\/v2\/product_brand?post=45242"},{"taxonomy":"product_cat","embeddable":true,"href":"https:\/\/legacy.rockonwall.com\/en\/wp-json\/wp\/v2\/product_cat?post=45242"},{"taxonomy":"product_tag","embeddable":true,"href":"https:\/\/legacy.rockonwall.com\/en\/wp-json\/wp\/v2\/product_tag?post=45242"}],"curies":[{"name":"wp","href":"https:\/\/api.w.org\/{rel}","templated":true}]}}