{"id":46140,"date":"2023-08-31T12:38:36","date_gmt":"2023-08-31T11:38:36","guid":{"rendered":"https:\/\/www.rockonwall.com\/?post_type=product&#038;p=46140"},"modified":"2025-12-12T09:28:50","modified_gmt":"2025-12-12T08:28:50","slug":"feutrine-jungle-shrooms","status":"publish","type":"product","link":"https:\/\/legacy.rockonwall.com\/en\/product\/vinyl-accessories\/turntable-equipment\/feutrine-jungle-shrooms\/","title":{"rendered":"Feutrine &#8220;Jungle Shrooms&#8221;"},"content":{"rendered":"<p>Donnez un c\u00f4t\u00e9 psych\u00e9d\u00e9lique mystique et envo\u00fbtant \u00e0 votre platine avec cette feutrine d&#8217;inspiration jungle.<\/p>\n<p style=\"text-align: justify;\">Feutrine Jungle Shrooms 100% feutre pour prot\u00e9ger vos <strong>disques vinyles<\/strong>\u00a0lors de la manipulation et habiller votre <strong>platine vinyle<\/strong> avec style.<\/p>\n<p>&nbsp;<\/p>\n<p>&nbsp;<\/p>\n","protected":false},"excerpt":{"rendered":"<p>Donnez un c\u00f4t\u00e9 psych\u00e9d\u00e9lique mystique et envo\u00fbtant \u00e0 votre platine avec cette feutrine d&#8217;inspiration jungle. Feutrine Jungle Shrooms 100% feutre pour prot\u00e9ger vos disques vinyles\u00a0lors de la manipulation et habiller votre platine vinyle avec style. &nbsp; &nbsp;<\/p>\n","protected":false},"featured_media":47452,"template":"","meta":{"_acf_changed":false,"content-type":""},"product_brand":[],"product_cat":[2027,1599],"product_tag":[],"class_list":{"0":"post-46140","1":"product","2":"type-product","3":"status-publish","4":"has-post-thumbnail","6":"product_cat-bonnes-affaires-en","7":"product_cat-turntable-equipment","9":"first","10":"outofstock","11":"sale","12":"taxable","13":"shipping-taxable","14":"purchasable","15":"product-type-simple"},"acf":[],"_links":{"self":[{"href":"https:\/\/legacy.rockonwall.com\/en\/wp-json\/wp\/v2\/product\/46140","targetHints":{"allow":["GET"]}}],"collection":[{"href":"https:\/\/legacy.rockonwall.com\/en\/wp-json\/wp\/v2\/product"}],"about":[{"href":"https:\/\/legacy.rockonwall.com\/en\/wp-json\/wp\/v2\/types\/product"}],"wp:featuredmedia":[{"embeddable":true,"href":"https:\/\/legacy.rockonwall.com\/en\/wp-json\/wp\/v2\/media\/47452"}],"wp:attachment":[{"href":"https:\/\/legacy.rockonwall.com\/en\/wp-json\/wp\/v2\/media?parent=46140"}],"wp:term":[{"taxonomy":"product_brand","embeddable":true,"href":"https:\/\/legacy.rockonwall.com\/en\/wp-json\/wp\/v2\/product_brand?post=46140"},{"taxonomy":"product_cat","embeddable":true,"href":"https:\/\/legacy.rockonwall.com\/en\/wp-json\/wp\/v2\/product_cat?post=46140"},{"taxonomy":"product_tag","embeddable":true,"href":"https:\/\/legacy.rockonwall.com\/en\/wp-json\/wp\/v2\/product_tag?post=46140"}],"curies":[{"name":"wp","href":"https:\/\/api.w.org\/{rel}","templated":true}]}}