{"id":52263,"date":"2025-07-24T09:35:05","date_gmt":"2025-07-24T08:35:05","guid":{"rendered":"https:\/\/www.rockonwall.com\/?post_type=product&#038;p=52263"},"modified":"2025-07-24T10:45:35","modified_gmt":"2025-07-24T09:45:35","slug":"intercalaire-plastique-33t-x10-blanc","status":"publish","type":"product","link":"https:\/\/legacy.rockonwall.com\/en\/product\/vinyl-accessories\/vinyl-storing\/intercalaire-plastique-33t-x10-blanc\/","title":{"rendered":"Intercalaire plastique 33T x10 &#8211; blanc"},"content":{"rendered":"<p style=\"text-align: justify;\">Lot de 10 intercalaires plastique\u00a0 blanc\u00a0 pour le classement de votre collection de <strong>disques vinyles<\/strong> 33T : optimisez l&#8217;organisation de votre collection en regroupant vos <strong>disques vinyles<\/strong> par lettres, genre ou label. Les onglets permettent une visibilit\u00e9 maximum du classement, facilitant la recherche d\u2019un <strong>disque vinyle\u00a0<\/strong>particulier.<\/p>\n<p style=\"text-align: justify;\">Convient pour un classement vertical ou horizontal, marqueur non fourni.<\/p>\n<p>Fabriqu\u00e9 et conditionn\u00e9 en France.<\/p>\n<p><strong data-start=\"575\" data-end=\"608\">Existe en plusieurs variantes<\/strong> : tout blanc, tout noir, ou en <strong data-start=\"640\" data-end=\"661\">mix blanc et noir<\/strong> \u2013 \u00e0 vous de choisir selon vos pr\u00e9f\u00e9rences ou de les mixer pour un classement visuel plus dynamique !<\/p>\n","protected":false},"excerpt":{"rendered":"<p>Lot de 10 intercalaires plastique\u00a0 blanc\u00a0 pour le classement de votre collection de disques vinyles 33T : optimisez l&#8217;organisation de votre collection en regroupant vos disques vinyles par lettres, genre ou label. Les onglets permettent une visibilit\u00e9 maximum du classement, facilitant la recherche d\u2019un disque vinyle\u00a0particulier. Convient pour un classement vertical ou horizontal, marqueur non fourni. Fabriqu\u00e9 et conditionn\u00e9 en [&hellip;]<\/p>\n","protected":false},"featured_media":52265,"template":"","meta":{"_acf_changed":false,"content-type":""},"product_brand":[],"product_cat":[1383],"product_tag":[],"class_list":{"0":"post-52263","1":"product","2":"type-product","3":"status-publish","4":"has-post-thumbnail","6":"product_cat-vinyl-storing","7":"pa_hauteur-31-cm-en","8":"pa_largeur-35-cm-en","10":"first","11":"instock","12":"taxable","13":"shipping-taxable","14":"purchasable","15":"product-type-simple"},"acf":[],"_links":{"self":[{"href":"https:\/\/legacy.rockonwall.com\/en\/wp-json\/wp\/v2\/product\/52263","targetHints":{"allow":["GET"]}}],"collection":[{"href":"https:\/\/legacy.rockonwall.com\/en\/wp-json\/wp\/v2\/product"}],"about":[{"href":"https:\/\/legacy.rockonwall.com\/en\/wp-json\/wp\/v2\/types\/product"}],"wp:featuredmedia":[{"embeddable":true,"href":"https:\/\/legacy.rockonwall.com\/en\/wp-json\/wp\/v2\/media\/52265"}],"wp:attachment":[{"href":"https:\/\/legacy.rockonwall.com\/en\/wp-json\/wp\/v2\/media?parent=52263"}],"wp:term":[{"taxonomy":"product_brand","embeddable":true,"href":"https:\/\/legacy.rockonwall.com\/en\/wp-json\/wp\/v2\/product_brand?post=52263"},{"taxonomy":"product_cat","embeddable":true,"href":"https:\/\/legacy.rockonwall.com\/en\/wp-json\/wp\/v2\/product_cat?post=52263"},{"taxonomy":"product_tag","embeddable":true,"href":"https:\/\/legacy.rockonwall.com\/en\/wp-json\/wp\/v2\/product_tag?post=52263"}],"curies":[{"name":"wp","href":"https:\/\/api.w.org\/{rel}","templated":true}]}}