{"id":52894,"date":"2025-10-29T10:17:35","date_gmt":"2025-10-29T09:17:35","guid":{"rendered":"https:\/\/www.rockonwall.com\/?post_type=product&#038;p=52894"},"modified":"2026-03-16T10:03:03","modified_gmt":"2026-03-16T09:03:03","slug":"feutrine-white-pour-disque-vinyle-33t-12","status":"publish","type":"product","link":"https:\/\/legacy.rockonwall.com\/en\/product\/vinyl-accessories\/turntable-equipment\/feutrine-white-pour-disque-vinyle-33t-12\/","title":{"rendered":"Feutrine White pour disque vinyle 33T \/ 12&#8243;"},"content":{"rendered":"<p style=\"text-align: justify;\">La Feutrine White est fabriqu\u00e9e \u00e0 100% en feutre pour prot\u00e9ger vos disques vinyles 33T lors de la manipulation tout en ajoutant une touche unique et audacieuse \u00e0 votre platine vinyle.<\/p>\n","protected":false},"excerpt":{"rendered":"<p>La Feutrine White est fabriqu\u00e9e \u00e0 100% en feutre pour prot\u00e9ger vos disques vinyles 33T lors de la manipulation tout en ajoutant une touche unique et audacieuse \u00e0 votre platine vinyle.<\/p>\n","protected":false},"featured_media":52896,"template":"","meta":{"_acf_changed":false,"content-type":""},"product_brand":[],"product_cat":[1374,2025,1599],"product_tag":[],"class_list":{"0":"post-52894","1":"product","2":"type-product","3":"status-publish","4":"has-post-thumbnail","6":"product_cat-vinyl-accessories","7":"product_cat-nouveautes-en","8":"product_cat-turntable-equipment","9":"pa_largeur-29-cm-en","11":"first","12":"outofstock","13":"featured","14":"taxable","15":"shipping-taxable","16":"purchasable","17":"product-type-simple"},"acf":[],"_links":{"self":[{"href":"https:\/\/legacy.rockonwall.com\/en\/wp-json\/wp\/v2\/product\/52894","targetHints":{"allow":["GET"]}}],"collection":[{"href":"https:\/\/legacy.rockonwall.com\/en\/wp-json\/wp\/v2\/product"}],"about":[{"href":"https:\/\/legacy.rockonwall.com\/en\/wp-json\/wp\/v2\/types\/product"}],"wp:featuredmedia":[{"embeddable":true,"href":"https:\/\/legacy.rockonwall.com\/en\/wp-json\/wp\/v2\/media\/52896"}],"wp:attachment":[{"href":"https:\/\/legacy.rockonwall.com\/en\/wp-json\/wp\/v2\/media?parent=52894"}],"wp:term":[{"taxonomy":"product_brand","embeddable":true,"href":"https:\/\/legacy.rockonwall.com\/en\/wp-json\/wp\/v2\/product_brand?post=52894"},{"taxonomy":"product_cat","embeddable":true,"href":"https:\/\/legacy.rockonwall.com\/en\/wp-json\/wp\/v2\/product_cat?post=52894"},{"taxonomy":"product_tag","embeddable":true,"href":"https:\/\/legacy.rockonwall.com\/en\/wp-json\/wp\/v2\/product_tag?post=52894"}],"curies":[{"name":"wp","href":"https:\/\/api.w.org\/{rel}","templated":true}]}}