{"id":12480,"date":"2015-08-26T17:13:03","date_gmt":"2015-08-26T16:13:03","guid":{"rendered":"http:\/\/www.rockonwall.com\/fr\/?page_id=12480"},"modified":"2015-10-05T16:05:54","modified_gmt":"2015-10-05T15:05:54","slug":"protection-des-donnees","status":"publish","type":"page","link":"https:\/\/legacy.rockonwall.com\/fr\/protection-des-donnees\/","title":{"rendered":"Protection des donn\u00e9es"},"content":{"rendered":"<p style=\"text-align: justify;\">Les informations demand\u00e9es par Rock on Wall sont indispensables \u00e0 la gestion de la commande de l&rsquo;acheteur. Conform\u00e9ment \u00e0 la loi Informatique &amp; Libert\u00e9s du 6 janvier 1978, le traitement de ces informations nominatives fait l&rsquo;objet d&rsquo;une d\u00e9claration aupr\u00e8s de la Commission Nationale de l&rsquo;Informatique et des Libert\u00e9s (CNIL) sous le num\u00e9ro 1660479. L&rsquo;acheteur dispose ainsi \u00e0 tout moment d&rsquo;un droit d&rsquo;acc\u00e8s, de modification, de rectification et de suppression des donn\u00e9es le concernant aupr\u00e8s de Rock on Wall. Il peut l&rsquo;exercer en envoyant sa demande par mail via le formulaire de contact pr\u00e9sent sur le site www.rockonwall.com.<\/p>\n<p style=\"text-align: justify;\">En fonction de la s\u00e9lection faite par l&rsquo;Acheteur lors de la cr\u00e9ation ou de la modification de son compte, il est susceptible de recevoir des informations et des offres commerciales de Rock on Wall et d&rsquo;autres entreprises. L&rsquo;acheteur peut \u00e0 tout moment d\u00e9cider de ne plus recevoir ces informations et offres commerciales de Rock on Wall, soit en modifiant sa s\u00e9lection sur le site www.rockonwall.com dans la rubrique \u00ab Votre Compte \u00bb, soit en sp\u00e9cifiant sa demande par mail via le formulaire de contact pr\u00e9sent sur le site.<\/p>\n","protected":false},"excerpt":{"rendered":"<p>Les informations demand\u00e9es par Rock on Wall sont indispensables \u00e0 la gestion de la commande de l&rsquo;acheteur. Conform\u00e9ment \u00e0 la loi Informatique &amp; Libert\u00e9s du 6 janvier 1978, le traitement de ces informations nominatives fait l&rsquo;objet d&rsquo;une d\u00e9claration aupr\u00e8s de la Commission Nationale de l&rsquo;Informatique et des Libert\u00e9s (CNIL) sous le num\u00e9ro 1660479. L&rsquo;acheteur dispose ainsi \u00e0 tout moment d&rsquo;un [&hellip;]<\/p>\n","protected":false},"author":1,"featured_media":0,"parent":0,"menu_order":0,"comment_status":"closed","ping_status":"closed","template":"","meta":{"_acf_changed":false,"content-type":"","footnotes":""},"class_list":["post-12480","page","type-page","status-publish","hentry"],"acf":[],"_links":{"self":[{"href":"https:\/\/legacy.rockonwall.com\/fr\/wp-json\/wp\/v2\/pages\/12480","targetHints":{"allow":["GET"]}}],"collection":[{"href":"https:\/\/legacy.rockonwall.com\/fr\/wp-json\/wp\/v2\/pages"}],"about":[{"href":"https:\/\/legacy.rockonwall.com\/fr\/wp-json\/wp\/v2\/types\/page"}],"author":[{"embeddable":true,"href":"https:\/\/legacy.rockonwall.com\/fr\/wp-json\/wp\/v2\/users\/1"}],"replies":[{"embeddable":true,"href":"https:\/\/legacy.rockonwall.com\/fr\/wp-json\/wp\/v2\/comments?post=12480"}],"version-history":[{"count":0,"href":"https:\/\/legacy.rockonwall.com\/fr\/wp-json\/wp\/v2\/pages\/12480\/revisions"}],"wp:attachment":[{"href":"https:\/\/legacy.rockonwall.com\/fr\/wp-json\/wp\/v2\/media?parent=12480"}],"curies":[{"name":"wp","href":"https:\/\/api.w.org\/{rel}","templated":true}]}}