{"id":7606,"date":"2013-03-09T05:01:39","date_gmt":"2013-03-09T05:01:39","guid":{"rendered":"http:\/\/themes.swiftpsd.com\/test\/flexform\/?page_id=7606"},"modified":"2023-09-10T14:04:14","modified_gmt":"2023-09-10T13:04:14","slug":"accueil","status":"publish","type":"page","link":"https:\/\/legacy.rockonwall.com\/fr\/","title":{"rendered":"Accueil"},"content":{"rendered":"[blank_spacer height=\u00a0\u00bb30px\u00a0\u00bb width=\u00a0\u00bb1\/1&Prime; el_position=\u00a0\u00bbfirst last\u00a0\u00bb] [spb_products title=\u00a0\u00bbMeilleures ventes\u00a0\u00bb asset_type=\u00a0\u00bbselected-products\u00a0\u00bb products=\u00a0\u00bb13178,22315,35642,36030,15061,22032&Prime; columns=\u00a0\u00bb4&Prime; carousel=\u00a0\u00bbyes\u00a0\u00bb product_size=\u00a0\u00bbstandard\u00a0\u00bb item_count=\u00a0\u00bb8&Prime; width=\u00a0\u00bb1\/1&Prime; el_position=\u00a0\u00bbfirst last\u00a0\u00bb] [blank_spacer height=\u00a0\u00bb40px\u00a0\u00bb width=\u00a0\u00bb1\/1&Prime; el_position=\u00a0\u00bbfirst last\u00a0\u00bb] [spb_products title=\u00a0\u00bbDerniers produits\u00a0\u00bb asset_type=\u00a0\u00bblatest-products\u00a0\u00bb columns=\u00a0\u00bb4&Prime; carousel=\u00a0\u00bbyes\u00a0\u00bb product_size=\u00a0\u00bbstandard\u00a0\u00bb item_count=\u00a0\u00bb8&Prime; width=\u00a0\u00bb1\/1&Prime; el_position=\u00a0\u00bbfirst last\u00a0\u00bb] [blank_spacer height=\u00a0\u00bb50px\u00a0\u00bb width=\u00a0\u00bb1\/1&Prime; el_position=\u00a0\u00bbfirst last\u00a0\u00bb] [testimonial_slider title=\u00a0\u00bbDerniers t\u00e9moignages\u00a0\u00bb text_size=\u00a0\u00bblarge\u00a0\u00bb item_count=\u00a0\u00bb6&Prime; order=\u00a0\u00bbdate\u00a0\u00bb category=\u00a0\u00bbAll\u00a0\u00bb animation=\u00a0\u00bbfade\u00a0\u00bb autoplay=\u00a0\u00bbyes\u00a0\u00bb alt_background=\u00a0\u00bbalt-four\u00a0\u00bb width=\u00a0\u00bb1\/1&Prime; el_position=\u00a0\u00bbfirst last\u00a0\u00bb] [blank_spacer height=\u00a0\u00bb50px\u00a0\u00bb width=\u00a0\u00bb1\/1&Prime; el_position=\u00a0\u00bbfirst last\u00a0\u00bb] [posts_carousel title=\u00a0\u00bbDerniers articles\u00a0\u00bb item_count=\u00a0\u00bb4&Prime; category=\u00a0\u00bbAll\u00a0\u00bb show_title=\u00a0\u00bbyes\u00a0\u00bb show_excerpt=\u00a0\u00bbno\u00a0\u00bb show_details=\u00a0\u00bbyes\u00a0\u00bb excerpt_length=\u00a0\u00bb16&Prime; width=\u00a0\u00bb1\/1&Prime; el_position=\u00a0\u00bbfirst last\u00a0\u00bb] [blank_spacer height=\u00a0\u00bb50px\u00a0\u00bb width=\u00a0\u00bb1\/1&Prime; el_position=\u00a0\u00bbfirst last\u00a0\u00bb] [spb_text_block title=\u00a0\u00bbRock on Wall &#8211; Le culte du disque vinyle depuis 2006&Prime; pb_margin_bottom=\u00a0\u00bbno\u00a0\u00bb pb_border_bottom=\u00a0\u00bbno\u00a0\u00bb width=\u00a0\u00bb1\/1&Prime; el_position=\u00a0\u00bbfirst last\u00a0\u00bb]\n<p>Aussi improbable que r\u00e9jouissant, le retour du <strong>disque vinyle<\/strong> comme support d&rsquo;\u00e9coute de la musique enregistr\u00e9e, amorc\u00e9 au milieu des ann\u00e9es 2000, est un myst\u00e8re qui n&rsquo;en finit pas de faire parler journalistes et sociologues de tous poils. Nostalgiques, hipsters, ayatollahs du son : voil\u00e0 comment sont qualifi\u00e9s les nouveaux consommateurs de galette noire (ou pas).<\/p>\n<p>Alors que les supports &#8211; <strong>disque vinyle<\/strong>, CD, mp3, streaming voire live &#8211; n&rsquo;ont jamais \u00e9t\u00e9 aussi nombreux, cette palette de consommateurs est sans doute beaucoup plus large, avec comme point commun le plaisir : celui d&rsquo;un objet sensuel (graphisme, touch\u00e9, son) doubl\u00e9 d&rsquo;une \u00e9coute d\u00e9pouill\u00e9e de tout fr\u00e9n\u00e9tisme. Du slow listening, en quelque sorte.<\/p>\n<p>Chez Rock on Wall, nous sommes fiers d&rsquo;accompagner ce mouvement depuis 2006 \u00e0 travers des <strong>accessoires<\/strong> pour <strong>disque vinyle<\/strong> innovants, de qualit\u00e9 et au juste prix, et d&rsquo;inviter tout un chacun \u00e0 prendre le temps de l&rsquo;exigence. Notre <strong>cadre pour disque vinyle<\/strong>, qui permet &#8211; en un seul geste et sans d\u00e9montage &#8211; la mise en valeur de vos <strong>pochettes<\/strong> pr\u00e9f\u00e9r\u00e9es, en est l&rsquo;exemple le plus flagrant.<\/p>\n<p>Car la musique n&rsquo;est-elle tout simplement pas un sujet bien trop personnel pour le confier uniquement aux playlists de Deezer ou Spotify ?<\/p>\n[\/spb_text_block] [blank_spacer height=\u00a0\u00bb30px\u00a0\u00bb width=\u00a0\u00bb1\/1&Prime; el_position=\u00a0\u00bbfirst last\u00a0\u00bb]\n","protected":false},"excerpt":{"rendered":"<p>[blank_spacer height=\u00a0\u00bb30px\u00a0\u00bb width=\u00a0\u00bb1\/1&Prime; el_position=\u00a0\u00bbfirst last\u00a0\u00bb] [spb_products title=\u00a0\u00bbMeilleures ventes\u00a0\u00bb asset_type=\u00a0\u00bbselected-products\u00a0\u00bb products=\u00a0\u00bb13178,22315,35642,36030,15061,22032&Prime; columns=\u00a0\u00bb4&Prime; carousel=\u00a0\u00bbyes\u00a0\u00bb product_size=\u00a0\u00bbstandard\u00a0\u00bb item_count=\u00a0\u00bb8&Prime; width=\u00a0\u00bb1\/1&Prime; el_position=\u00a0\u00bbfirst last\u00a0\u00bb] [blank_spacer height=\u00a0\u00bb40px\u00a0\u00bb width=\u00a0\u00bb1\/1&Prime; el_position=\u00a0\u00bbfirst last\u00a0\u00bb] [spb_products title=\u00a0\u00bbDerniers produits\u00a0\u00bb asset_type=\u00a0\u00bblatest-products\u00a0\u00bb columns=\u00a0\u00bb4&Prime; carousel=\u00a0\u00bbyes\u00a0\u00bb product_size=\u00a0\u00bbstandard\u00a0\u00bb item_count=\u00a0\u00bb8&Prime; width=\u00a0\u00bb1\/1&Prime; el_position=\u00a0\u00bbfirst last\u00a0\u00bb] [blank_spacer height=\u00a0\u00bb50px\u00a0\u00bb width=\u00a0\u00bb1\/1&Prime; el_position=\u00a0\u00bbfirst last\u00a0\u00bb] [testimonial_slider title=\u00a0\u00bbDerniers t\u00e9moignages\u00a0\u00bb text_size=\u00a0\u00bblarge\u00a0\u00bb item_count=\u00a0\u00bb6&Prime; order=\u00a0\u00bbdate\u00a0\u00bb category=\u00a0\u00bbAll\u00a0\u00bb animation=\u00a0\u00bbfade\u00a0\u00bb autoplay=\u00a0\u00bbyes\u00a0\u00bb alt_background=\u00a0\u00bbalt-four\u00a0\u00bb width=\u00a0\u00bb1\/1&Prime; el_position=\u00a0\u00bbfirst last\u00a0\u00bb] [blank_spacer height=\u00a0\u00bb50px\u00a0\u00bb width=\u00a0\u00bb1\/1&Prime; el_position=\u00a0\u00bbfirst last\u00a0\u00bb] [posts_carousel title=\u00a0\u00bbDerniers articles\u00a0\u00bb item_count=\u00a0\u00bb4&Prime; [&hellip;]<\/p>\n","protected":false},"author":1,"featured_media":0,"parent":0,"menu_order":0,"comment_status":"closed","ping_status":"closed","template":"","meta":{"_acf_changed":false,"content-type":"","footnotes":""},"class_list":["post-7606","page","type-page","status-publish","hentry"],"acf":[],"_links":{"self":[{"href":"https:\/\/legacy.rockonwall.com\/fr\/wp-json\/wp\/v2\/pages\/7606","targetHints":{"allow":["GET"]}}],"collection":[{"href":"https:\/\/legacy.rockonwall.com\/fr\/wp-json\/wp\/v2\/pages"}],"about":[{"href":"https:\/\/legacy.rockonwall.com\/fr\/wp-json\/wp\/v2\/types\/page"}],"author":[{"embeddable":true,"href":"https:\/\/legacy.rockonwall.com\/fr\/wp-json\/wp\/v2\/users\/1"}],"replies":[{"embeddable":true,"href":"https:\/\/legacy.rockonwall.com\/fr\/wp-json\/wp\/v2\/comments?post=7606"}],"version-history":[{"count":15,"href":"https:\/\/legacy.rockonwall.com\/fr\/wp-json\/wp\/v2\/pages\/7606\/revisions"}],"predecessor-version":[{"id":46158,"href":"https:\/\/legacy.rockonwall.com\/fr\/wp-json\/wp\/v2\/pages\/7606\/revisions\/46158"}],"wp:attachment":[{"href":"https:\/\/legacy.rockonwall.com\/fr\/wp-json\/wp\/v2\/media?parent=7606"}],"curies":[{"name":"wp","href":"https:\/\/api.w.org\/{rel}","templated":true}]}}