{"id":15009,"date":"2014-01-20T14:45:34","date_gmt":"2014-01-20T13:45:34","guid":{"rendered":"http:\/\/www.rockonwall.com\/fr\/produit\/uncategorized\/sous-pochette-papier-33t\/"},"modified":"2025-08-20T07:23:04","modified_gmt":"2025-08-20T06:23:04","slug":"sous-pochette-papier-33t-blanc","status":"publish","type":"product","link":"https:\/\/legacy.rockonwall.com\/fr\/produit\/protection-vinyle\/sous-pochette-papier-33t-blanc\/","title":{"rendered":"Sous-pochette papier blanc 33T &#8211; lot de 10- Film\u00e9es"},"content":{"rendered":"<p style=\"text-align: justify;\">Lot de 10 <strong>sous-pochettes papier blanc pour disque vinyle 33T<\/strong> avec d\u00e9coupe centrale et coins sup\u00e9rieurs arrondis, id\u00e9ales\u00a0pour une remise \u00e0 niveau \u00e9conomique de votre collection de <strong>disques vinyles\u00a033T<\/strong> ou de vos derniers achats d&rsquo;occasion.<\/p>\n","protected":false},"excerpt":{"rendered":"<p>Lot de 10 sous-pochettes papier blanc pour disque vinyle 33T avec d\u00e9coupe centrale et coins sup\u00e9rieurs arrondis, id\u00e9ales\u00a0pour une remise \u00e0 niveau \u00e9conomique de votre collection de disques vinyles\u00a033T ou de vos derniers achats d&rsquo;occasion.<\/p>\n","protected":false},"featured_media":22348,"template":"","meta":{"_acf_changed":false,"content-type":""},"product_brand":[],"product_cat":[621],"product_tag":[625,719,640,2013,623],"class_list":{"0":"post-15009","1":"product","2":"type-product","3":"status-publish","4":"has-post-thumbnail","6":"product_cat-protection-vinyle","7":"product_tag-disque","8":"product_tag-disque-vinyl","9":"product_tag-pochette","10":"product_tag-protection","11":"product_tag-vinyle","13":"first","14":"instock","15":"taxable","16":"shipping-taxable","17":"purchasable","18":"product-type-simple"},"acf":[],"_links":{"self":[{"href":"https:\/\/legacy.rockonwall.com\/fr\/wp-json\/wp\/v2\/product\/15009","targetHints":{"allow":["GET"]}}],"collection":[{"href":"https:\/\/legacy.rockonwall.com\/fr\/wp-json\/wp\/v2\/product"}],"about":[{"href":"https:\/\/legacy.rockonwall.com\/fr\/wp-json\/wp\/v2\/types\/product"}],"wp:featuredmedia":[{"embeddable":true,"href":"https:\/\/legacy.rockonwall.com\/fr\/wp-json\/wp\/v2\/media\/22348"}],"wp:attachment":[{"href":"https:\/\/legacy.rockonwall.com\/fr\/wp-json\/wp\/v2\/media?parent=15009"}],"wp:term":[{"taxonomy":"product_brand","embeddable":true,"href":"https:\/\/legacy.rockonwall.com\/fr\/wp-json\/wp\/v2\/product_brand?post=15009"},{"taxonomy":"product_cat","embeddable":true,"href":"https:\/\/legacy.rockonwall.com\/fr\/wp-json\/wp\/v2\/product_cat?post=15009"},{"taxonomy":"product_tag","embeddable":true,"href":"https:\/\/legacy.rockonwall.com\/fr\/wp-json\/wp\/v2\/product_tag?post=15009"}],"curies":[{"name":"wp","href":"https:\/\/api.w.org\/{rel}","templated":true}]}}