{"id":15616,"date":"2014-10-28T19:13:00","date_gmt":"2014-10-28T18:13:00","guid":{"rendered":"http:\/\/www.rockonwall.com\/fr\/produit\/encadrez-vos-disques-vinyles\/cadre-bois-disque-vinyle\/"},"modified":"2025-01-09T13:58:48","modified_gmt":"2025-01-09T12:58:48","slug":"cadre-bois-disque-vinyle","status":"publish","type":"product","link":"https:\/\/legacy.rockonwall.com\/fr\/produit\/cadres-disques-vinyles\/cadre-bois-disque-vinyle\/","title":{"rendered":"Cadre bois \u00ab\u00a0deluxe\u00a0\u00bb pour disque vinyle"},"content":{"rendered":"<p style=\"text-align: justify;\">Cadre en h\u00eatre verni permettant, en un seul geste et sans d\u00e9montage, la mise en sc\u00e8ne de vos\u00a0<strong>disques vinyles<\/strong>\u00a0pr\u00e9f\u00e9r\u00e9s. Grace au syst\u00e8me brevet\u00e9 Easy Frame\u00ae, le\u00a0<strong>disque vinyle<\/strong>\u00a0reste disponible pour l&rsquo;\u00e9coute et peut \u00eatre chang\u00e9 \u00e0 tout moment en quelques secondes.<\/p>\n","protected":false},"excerpt":{"rendered":"<p>Cadre en h\u00eatre verni permettant, en un seul geste et sans d\u00e9montage, la mise en sc\u00e8ne de vos\u00a0disques vinyles\u00a0pr\u00e9f\u00e9r\u00e9s. Grace au syst\u00e8me brevet\u00e9 Easy Frame\u00ae, le\u00a0disque vinyle\u00a0reste disponible pour l&rsquo;\u00e9coute et peut \u00eatre chang\u00e9 \u00e0 tout moment en quelques secondes.<\/p>\n","protected":false},"featured_media":47493,"template":"","meta":{"_acf_changed":false,"content-type":""},"product_brand":[],"product_cat":[599],"product_tag":[1570],"class_list":{"0":"post-15616","1":"product","2":"type-product","3":"status-publish","4":"has-post-thumbnail","6":"product_cat-cadres-disques-vinyles","7":"product_tag-cadre-vinyle","8":"pa_hauteur-38-cm","9":"pa_largeur-38-cm","11":"first","12":"outofstock","13":"taxable","14":"shipping-taxable","15":"purchasable","16":"product-type-simple"},"acf":[],"_links":{"self":[{"href":"https:\/\/legacy.rockonwall.com\/fr\/wp-json\/wp\/v2\/product\/15616","targetHints":{"allow":["GET"]}}],"collection":[{"href":"https:\/\/legacy.rockonwall.com\/fr\/wp-json\/wp\/v2\/product"}],"about":[{"href":"https:\/\/legacy.rockonwall.com\/fr\/wp-json\/wp\/v2\/types\/product"}],"wp:featuredmedia":[{"embeddable":true,"href":"https:\/\/legacy.rockonwall.com\/fr\/wp-json\/wp\/v2\/media\/47493"}],"wp:attachment":[{"href":"https:\/\/legacy.rockonwall.com\/fr\/wp-json\/wp\/v2\/media?parent=15616"}],"wp:term":[{"taxonomy":"product_brand","embeddable":true,"href":"https:\/\/legacy.rockonwall.com\/fr\/wp-json\/wp\/v2\/product_brand?post=15616"},{"taxonomy":"product_cat","embeddable":true,"href":"https:\/\/legacy.rockonwall.com\/fr\/wp-json\/wp\/v2\/product_cat?post=15616"},{"taxonomy":"product_tag","embeddable":true,"href":"https:\/\/legacy.rockonwall.com\/fr\/wp-json\/wp\/v2\/product_tag?post=15616"}],"curies":[{"name":"wp","href":"https:\/\/api.w.org\/{rel}","templated":true}]}}