{"id":16198,"date":"2015-03-22T17:34:49","date_gmt":"2015-03-22T16:34:49","guid":{"rendered":"http:\/\/www.rockonwall.com\/fr\/produit\/uncategorized\/centreur-45t\/"},"modified":"2024-05-03T10:08:46","modified_gmt":"2024-05-03T09:08:46","slug":"centreur-45t","status":"publish","type":"product","link":"https:\/\/legacy.rockonwall.com\/fr\/produit\/accessoires-vinyles\/centreur-45t\/","title":{"rendered":"Centreur 45T aluminium"},"content":{"rendered":"<p style=\"text-align: justify;\">Centreur pour <strong>disque vinyle 45T<\/strong> en aluminium fabriqu\u00e9 en France, s&rsquo;adaptant \u00e0 tout mod\u00e8le de <strong>platine vinyle<\/strong> standard.<\/p>\n<p>Fabrication 100 % Fran\u00e7aise.<\/p>\n<p>&nbsp;<\/p>\n","protected":false},"excerpt":{"rendered":"<p>Centreur pour disque vinyle 45T en aluminium fabriqu\u00e9 en France, s&rsquo;adaptant \u00e0 tout mod\u00e8le de platine vinyle standard. Fabrication 100 % Fran\u00e7aise. &nbsp;<\/p>\n","protected":false},"featured_media":45397,"template":"","meta":{"_acf_changed":false,"content-type":""},"product_brand":[],"product_cat":[533],"product_tag":[628,1059,630],"class_list":{"0":"post-16198","1":"product","2":"type-product","3":"status-publish","4":"has-post-thumbnail","6":"product_cat-accessoires-vinyles","7":"product_tag-45t","8":"product_tag-centreur","9":"product_tag-disque-vinyle","11":"first","12":"instock","13":"taxable","14":"shipping-taxable","15":"purchasable","16":"product-type-simple"},"acf":[],"_links":{"self":[{"href":"https:\/\/legacy.rockonwall.com\/fr\/wp-json\/wp\/v2\/product\/16198","targetHints":{"allow":["GET"]}}],"collection":[{"href":"https:\/\/legacy.rockonwall.com\/fr\/wp-json\/wp\/v2\/product"}],"about":[{"href":"https:\/\/legacy.rockonwall.com\/fr\/wp-json\/wp\/v2\/types\/product"}],"wp:featuredmedia":[{"embeddable":true,"href":"https:\/\/legacy.rockonwall.com\/fr\/wp-json\/wp\/v2\/media\/45397"}],"wp:attachment":[{"href":"https:\/\/legacy.rockonwall.com\/fr\/wp-json\/wp\/v2\/media?parent=16198"}],"wp:term":[{"taxonomy":"product_brand","embeddable":true,"href":"https:\/\/legacy.rockonwall.com\/fr\/wp-json\/wp\/v2\/product_brand?post=16198"},{"taxonomy":"product_cat","embeddable":true,"href":"https:\/\/legacy.rockonwall.com\/fr\/wp-json\/wp\/v2\/product_cat?post=16198"},{"taxonomy":"product_tag","embeddable":true,"href":"https:\/\/legacy.rockonwall.com\/fr\/wp-json\/wp\/v2\/product_tag?post=16198"}],"curies":[{"name":"wp","href":"https:\/\/api.w.org\/{rel}","templated":true}]}}