{"id":22032,"date":"2015-09-20T15:49:55","date_gmt":"2015-09-20T14:49:55","guid":{"rendered":"http:\/\/www.rockonwall.com\/?post_type=product&#038;p=22032"},"modified":"2026-03-27T11:10:52","modified_gmt":"2026-03-27T10:10:52","slug":"cadre-noir-pour-disque-vinyle","status":"publish","type":"product","link":"https:\/\/legacy.rockonwall.com\/fr\/produit\/cadres-disques-vinyles\/cadre-noir-pour-disque-vinyle\/","title":{"rendered":"Cadre pour disque vinyle 33T \u00ab\u00a04-point Body Armor\u00ae\u00a0\u00bb noir"},"content":{"rendered":"<p>Cadre en ABS inject\u00e9 permettant, en un seul geste et sans d\u00e9montage, la mise en sc\u00e8ne de vos <strong>disques vinyles<\/strong> pr\u00e9f\u00e9r\u00e9s. Grace au syst\u00e8me brevet\u00e9 Easy Frame\u00ae, le <strong>disque vinyle<\/strong> reste disponible pour l&rsquo;\u00e9coute et peut \u00eatre chang\u00e9 \u00e0 tout moment en quelques secondes.<\/p>\n<p>&nbsp;<\/p>\n<p><iframe loading=\"lazy\" title=\"YouTube video player\" src=\"https:\/\/www.youtube.com\/embed\/UOABJfbukyc?si=HBMx5HWD5rgPOOk0\" width=\"560\" height=\"315\" frameborder=\"0\" allowfullscreen=\"allowfullscreen\"><\/iframe><\/p>\n","protected":false},"excerpt":{"rendered":"<p>&nbsp;<\/p>\n<p>&nbsp;<\/p>\n","protected":false},"featured_media":53524,"template":"","meta":{"_acf_changed":false,"content-type":""},"product_brand":[],"product_cat":[599],"product_tag":[1570],"class_list":{"0":"post-22032","1":"product","2":"type-product","3":"status-publish","4":"has-post-thumbnail","6":"product_cat-cadres-disques-vinyles","7":"product_tag-cadre-vinyle","8":"pa_hauteur-38-cm","9":"pa_largeur-38-cm","11":"first","12":"instock","13":"taxable","14":"shipping-taxable","15":"purchasable","16":"product-type-simple"},"acf":[],"_links":{"self":[{"href":"https:\/\/legacy.rockonwall.com\/fr\/wp-json\/wp\/v2\/product\/22032","targetHints":{"allow":["GET"]}}],"collection":[{"href":"https:\/\/legacy.rockonwall.com\/fr\/wp-json\/wp\/v2\/product"}],"about":[{"href":"https:\/\/legacy.rockonwall.com\/fr\/wp-json\/wp\/v2\/types\/product"}],"wp:featuredmedia":[{"embeddable":true,"href":"https:\/\/legacy.rockonwall.com\/fr\/wp-json\/wp\/v2\/media\/53524"}],"wp:attachment":[{"href":"https:\/\/legacy.rockonwall.com\/fr\/wp-json\/wp\/v2\/media?parent=22032"}],"wp:term":[{"taxonomy":"product_brand","embeddable":true,"href":"https:\/\/legacy.rockonwall.com\/fr\/wp-json\/wp\/v2\/product_brand?post=22032"},{"taxonomy":"product_cat","embeddable":true,"href":"https:\/\/legacy.rockonwall.com\/fr\/wp-json\/wp\/v2\/product_cat?post=22032"},{"taxonomy":"product_tag","embeddable":true,"href":"https:\/\/legacy.rockonwall.com\/fr\/wp-json\/wp\/v2\/product_tag?post=22032"}],"curies":[{"name":"wp","href":"https:\/\/api.w.org\/{rel}","templated":true}]}}