{"id":22368,"date":"2015-10-02T09:06:21","date_gmt":"2015-10-02T08:06:21","guid":{"rendered":"http:\/\/www.rockonwall.com\/?post_type=product&#038;p=22368"},"modified":"2026-02-02T12:21:04","modified_gmt":"2026-02-02T11:21:04","slug":"flight-case-25-lp-argent","status":"publish","type":"product","link":"https:\/\/legacy.rockonwall.com\/fr\/produit\/accessoires-vinyles\/rangement-vinyle\/flight-case-25-lp-argent\/","title":{"rendered":"Mallette transport (flight case) pour disques vinyles \u2013 Argent"},"content":{"rendered":"<p style=\"text-align: justify;\">Flight case en aluminium \u00e0 fermeture frontale pour le transport et le stockage en toute s\u00e9curit\u00e9 d&rsquo;une trentaine de\u00a0<strong>disques vinyles<\/strong>\u00a033T. Dot\u00e9e d&rsquo;une poign\u00e9e de transport en ABS, de pieds en caoutchouc, d&rsquo;une mousse interne \u00e0 m\u00e9moire de forme et d&rsquo;une fermeture cadenassable, la flight case Rock on Wall est aussi solide que l\u00e9g\u00e8re et vous pouvez lui confier vos\u00a0<strong>disques vinyles<\/strong>\u00a0les plus pr\u00e9cieux sans la moindre crainte.<\/p>\n","protected":false},"excerpt":{"rendered":"<p>Flight case en aluminium \u00e0 fermeture frontale pour le transport et le stockage en toute s\u00e9curit\u00e9 d&rsquo;une trentaine de\u00a0disques vinyles\u00a033T. Dot\u00e9e d&rsquo;une poign\u00e9e de transport en ABS, de pieds en caoutchouc, d&rsquo;une mousse interne \u00e0 m\u00e9moire de forme et d&rsquo;une fermeture cadenassable, la flight case Rock on Wall est aussi solide que l\u00e9g\u00e8re et vous pouvez lui confier vos\u00a0disques vinyles\u00a0les [&hellip;]<\/p>\n","protected":false},"featured_media":22371,"template":"","meta":{"_acf_changed":false,"content-type":""},"product_brand":[],"product_cat":[536],"product_tag":[],"class_list":{"0":"post-22368","1":"product","2":"type-product","3":"status-publish","4":"has-post-thumbnail","6":"product_cat-rangement-vinyle","7":"pa_hauteur-375-cm","8":"pa_largeur-345-cm","10":"first","11":"instock","12":"taxable","13":"shipping-taxable","14":"purchasable","15":"product-type-simple"},"acf":[],"_links":{"self":[{"href":"https:\/\/legacy.rockonwall.com\/fr\/wp-json\/wp\/v2\/product\/22368","targetHints":{"allow":["GET"]}}],"collection":[{"href":"https:\/\/legacy.rockonwall.com\/fr\/wp-json\/wp\/v2\/product"}],"about":[{"href":"https:\/\/legacy.rockonwall.com\/fr\/wp-json\/wp\/v2\/types\/product"}],"wp:featuredmedia":[{"embeddable":true,"href":"https:\/\/legacy.rockonwall.com\/fr\/wp-json\/wp\/v2\/media\/22371"}],"wp:attachment":[{"href":"https:\/\/legacy.rockonwall.com\/fr\/wp-json\/wp\/v2\/media?parent=22368"}],"wp:term":[{"taxonomy":"product_brand","embeddable":true,"href":"https:\/\/legacy.rockonwall.com\/fr\/wp-json\/wp\/v2\/product_brand?post=22368"},{"taxonomy":"product_cat","embeddable":true,"href":"https:\/\/legacy.rockonwall.com\/fr\/wp-json\/wp\/v2\/product_cat?post=22368"},{"taxonomy":"product_tag","embeddable":true,"href":"https:\/\/legacy.rockonwall.com\/fr\/wp-json\/wp\/v2\/product_tag?post=22368"}],"curies":[{"name":"wp","href":"https:\/\/api.w.org\/{rel}","templated":true}]}}