{"id":25999,"date":"2016-01-29T11:54:50","date_gmt":"2016-01-29T10:54:50","guid":{"rendered":"http:\/\/www.rockonwall.com\/fr\/?post_type=product&#038;p=25999"},"modified":"2025-08-02T10:50:36","modified_gmt":"2025-08-02T09:50:36","slug":"brosse-tampon-pour-disque-vinyle","status":"publish","type":"product","link":"https:\/\/legacy.rockonwall.com\/fr\/produit\/accessoires-vinyles\/entretien-vinyle\/brosse-tampon-pour-disque-vinyle\/","title":{"rendered":"Brosse-tampon aluminium pour disque vinyle"},"content":{"rendered":"<p style=\"text-align: justify;\">Brosse-tampon m\u00e9tallique pour <strong>disque vinyle<\/strong> deux-en-un : les fibres de carbone d\u00e9poussi\u00e8rent la surface du disque vinyle pendant que le tampon velours nettoie les sillons en profondeur.<\/p>\n<p style=\"text-align: justify;\">Livr\u00e9e avec son support de rangement.<\/p>\n","protected":false},"excerpt":{"rendered":"<p>Brosse-tampon m\u00e9tallique pour disque vinyle deux-en-un : les fibres de carbone d\u00e9poussi\u00e8rent la surface du disque vinyle pendant que le tampon velours nettoie les sillons en profondeur. Livr\u00e9e avec son support de rangement.<\/p>\n","protected":false},"featured_media":44350,"template":"","meta":{"_acf_changed":false,"content-type":""},"product_brand":[],"product_cat":[535],"product_tag":[],"class_list":{"0":"post-25999","1":"product","2":"type-product","3":"status-publish","4":"has-post-thumbnail","6":"product_cat-entretien-vinyle","8":"first","9":"instock","10":"taxable","11":"shipping-taxable","12":"purchasable","13":"product-type-simple"},"acf":[],"_links":{"self":[{"href":"https:\/\/legacy.rockonwall.com\/fr\/wp-json\/wp\/v2\/product\/25999","targetHints":{"allow":["GET"]}}],"collection":[{"href":"https:\/\/legacy.rockonwall.com\/fr\/wp-json\/wp\/v2\/product"}],"about":[{"href":"https:\/\/legacy.rockonwall.com\/fr\/wp-json\/wp\/v2\/types\/product"}],"wp:featuredmedia":[{"embeddable":true,"href":"https:\/\/legacy.rockonwall.com\/fr\/wp-json\/wp\/v2\/media\/44350"}],"wp:attachment":[{"href":"https:\/\/legacy.rockonwall.com\/fr\/wp-json\/wp\/v2\/media?parent=25999"}],"wp:term":[{"taxonomy":"product_brand","embeddable":true,"href":"https:\/\/legacy.rockonwall.com\/fr\/wp-json\/wp\/v2\/product_brand?post=25999"},{"taxonomy":"product_cat","embeddable":true,"href":"https:\/\/legacy.rockonwall.com\/fr\/wp-json\/wp\/v2\/product_cat?post=25999"},{"taxonomy":"product_tag","embeddable":true,"href":"https:\/\/legacy.rockonwall.com\/fr\/wp-json\/wp\/v2\/product_tag?post=25999"}],"curies":[{"name":"wp","href":"https:\/\/api.w.org\/{rel}","templated":true}]}}