{"id":31901,"date":"2016-12-27T18:42:47","date_gmt":"2016-12-27T17:42:47","guid":{"rendered":"http:\/\/www.rockonwall.com\/fr\/?post_type=product&#038;p=31901"},"modified":"2024-03-15T12:48:59","modified_gmt":"2024-03-15T11:48:59","slug":"pupitre","status":"publish","type":"product","link":"https:\/\/legacy.rockonwall.com\/fr\/produit\/accessoires-vinyles\/rangement-vinyle\/pupitre\/","title":{"rendered":"Pupitre bois"},"content":{"rendered":"<p style=\"text-align: justify;\">Pupitre en contreplaqu\u00e9 bouleau \u00e0 assembler, pour le rangement d&rsquo;une trentaine de <strong>disques vinyles<\/strong> 33T. Esth\u00e9tique et malin, ce pupitre est id\u00e9al pour stocker les <strong>disques vinyles<\/strong> en cours d&rsquo;\u00e9coute ou r\u00e9cemment acquis. Il \u00e9vite ainsi un stockage \u00e0 plat qui risquerait d&rsquo;endommager vos <strong>disques vinyles<\/strong>. B\u00e9n\u00e9ficiant d&rsquo;un\u00a0montage simple et rapide et d&rsquo;une finition soign\u00e9e, le pupitre Rock on Wall permet de consulter ses <strong>disques vinyles<\/strong> en un clin d&rsquo;oeil.<\/p>\n","protected":false},"excerpt":{"rendered":"<p>Pupitre en contreplaqu\u00e9 bouleau \u00e0 assembler, pour le rangement d&rsquo;une trentaine de disques vinyles 33T. Esth\u00e9tique et malin, ce pupitre est id\u00e9al pour stocker les disques vinyles en cours d&rsquo;\u00e9coute ou r\u00e9cemment acquis. Il \u00e9vite ainsi un stockage \u00e0 plat qui risquerait d&rsquo;endommager vos disques vinyles. B\u00e9n\u00e9ficiant d&rsquo;un\u00a0montage simple et rapide et d&rsquo;une finition soign\u00e9e, le pupitre Rock on Wall [&hellip;]<\/p>\n","protected":false},"featured_media":45415,"template":"","meta":{"_acf_changed":false,"content-type":""},"product_brand":[],"product_cat":[536],"product_tag":[],"class_list":{"0":"post-31901","1":"product","2":"type-product","3":"status-publish","4":"has-post-thumbnail","6":"product_cat-rangement-vinyle","7":"pa_hauteur-29-cm","8":"pa_largeur-36-cm","10":"first","11":"outofstock","12":"taxable","13":"shipping-taxable","14":"purchasable","15":"product-type-simple"},"acf":[],"_links":{"self":[{"href":"https:\/\/legacy.rockonwall.com\/fr\/wp-json\/wp\/v2\/product\/31901","targetHints":{"allow":["GET"]}}],"collection":[{"href":"https:\/\/legacy.rockonwall.com\/fr\/wp-json\/wp\/v2\/product"}],"about":[{"href":"https:\/\/legacy.rockonwall.com\/fr\/wp-json\/wp\/v2\/types\/product"}],"wp:featuredmedia":[{"embeddable":true,"href":"https:\/\/legacy.rockonwall.com\/fr\/wp-json\/wp\/v2\/media\/45415"}],"wp:attachment":[{"href":"https:\/\/legacy.rockonwall.com\/fr\/wp-json\/wp\/v2\/media?parent=31901"}],"wp:term":[{"taxonomy":"product_brand","embeddable":true,"href":"https:\/\/legacy.rockonwall.com\/fr\/wp-json\/wp\/v2\/product_brand?post=31901"},{"taxonomy":"product_cat","embeddable":true,"href":"https:\/\/legacy.rockonwall.com\/fr\/wp-json\/wp\/v2\/product_cat?post=31901"},{"taxonomy":"product_tag","embeddable":true,"href":"https:\/\/legacy.rockonwall.com\/fr\/wp-json\/wp\/v2\/product_tag?post=31901"}],"curies":[{"name":"wp","href":"https:\/\/api.w.org\/{rel}","templated":true}]}}