{"id":35859,"date":"2017-09-20T15:06:24","date_gmt":"2017-09-20T14:06:24","guid":{"rendered":"http:\/\/www.rockonwall.com\/?post_type=product&#038;p=35859"},"modified":"2025-10-06T10:14:24","modified_gmt":"2025-10-06T09:14:24","slug":"adaptateur-45t-x12","status":"publish","type":"product","link":"https:\/\/legacy.rockonwall.com\/fr\/produit\/accessoires-vinyles\/adaptateur-45t-x12\/","title":{"rendered":"Adaptateur 45T x12"},"content":{"rendered":"<p style=\"text-align: justify;\">Lot de 12 adaptateurs plastique pour 45T : apr\u00e8s avoir coup\u00e9 les pattes de maintien \u00e0 l&rsquo;aide d&rsquo;un cuter, clipez l&rsquo;adaptateur au centre du 45T. Il est recommand\u00e9 de laisser l&rsquo;adaptateur \u00e0 demeure sur le 45T.<\/p>\n","protected":false},"excerpt":{"rendered":"<p>Lot de 12 adaptateurs plastique pour 45T : apr\u00e8s avoir coup\u00e9 les pattes de maintien \u00e0 l&rsquo;aide d&rsquo;un cuter, clipez l&rsquo;adaptateur au centre du 45T. Il est recommand\u00e9 de laisser l&rsquo;adaptateur \u00e0 demeure sur le 45T.<\/p>\n","protected":false},"featured_media":35860,"template":"","meta":{"_acf_changed":false,"content-type":""},"product_brand":[],"product_cat":[533],"product_tag":[],"class_list":{"0":"post-35859","1":"product","2":"type-product","3":"status-publish","4":"has-post-thumbnail","6":"product_cat-accessoires-vinyles","8":"first","9":"outofstock","10":"taxable","11":"shipping-taxable","12":"purchasable","13":"product-type-simple"},"acf":[],"_links":{"self":[{"href":"https:\/\/legacy.rockonwall.com\/fr\/wp-json\/wp\/v2\/product\/35859","targetHints":{"allow":["GET"]}}],"collection":[{"href":"https:\/\/legacy.rockonwall.com\/fr\/wp-json\/wp\/v2\/product"}],"about":[{"href":"https:\/\/legacy.rockonwall.com\/fr\/wp-json\/wp\/v2\/types\/product"}],"wp:featuredmedia":[{"embeddable":true,"href":"https:\/\/legacy.rockonwall.com\/fr\/wp-json\/wp\/v2\/media\/35860"}],"wp:attachment":[{"href":"https:\/\/legacy.rockonwall.com\/fr\/wp-json\/wp\/v2\/media?parent=35859"}],"wp:term":[{"taxonomy":"product_brand","embeddable":true,"href":"https:\/\/legacy.rockonwall.com\/fr\/wp-json\/wp\/v2\/product_brand?post=35859"},{"taxonomy":"product_cat","embeddable":true,"href":"https:\/\/legacy.rockonwall.com\/fr\/wp-json\/wp\/v2\/product_cat?post=35859"},{"taxonomy":"product_tag","embeddable":true,"href":"https:\/\/legacy.rockonwall.com\/fr\/wp-json\/wp\/v2\/product_tag?post=35859"}],"curies":[{"name":"wp","href":"https:\/\/api.w.org\/{rel}","templated":true}]}}