{"id":36030,"date":"2017-09-29T09:21:54","date_gmt":"2017-09-29T08:21:54","guid":{"rendered":"http:\/\/www.rockonwall.com\/?post_type=product&#038;p=36030"},"modified":"2026-02-02T12:20:27","modified_gmt":"2026-02-02T11:20:27","slug":"flight-case-25-lp-clear","status":"publish","type":"product","link":"https:\/\/legacy.rockonwall.com\/fr\/produit\/accessoires-vinyles\/rangement-vinyle\/flight-case-25-lp-clear\/","title":{"rendered":"Flight Case pour disques vinyles &#8211; transparente"},"content":{"rendered":"<p style=\"text-align: justify;\">Caisse de transport case en aluminium \u00e0 fermeture frontale pour le transport et le stockage en toute s\u00e9curit\u00e9 d\u2019une trentaine de <strong>disques vinyles<\/strong> 33T. Dot\u00e9e d\u2019une poign\u00e9e de transport en ABS, de pieds en caoutchouc et d\u2019une fermeture cadenassable, la flight case Rock on Wall est aussi solide que l\u00e9g\u00e8re et vous pouvez lui confier vos <strong>disques vinyles<\/strong> les plus pr\u00e9cieux sans la moindre crainte.<\/p>\n","protected":false},"excerpt":{"rendered":"<p>Caisse de transport case en aluminium \u00e0 fermeture frontale pour le transport et le stockage en toute s\u00e9curit\u00e9 d\u2019une trentaine de disques vinyles 33T. Dot\u00e9e d\u2019une poign\u00e9e de transport en ABS, de pieds en caoutchouc et d\u2019une fermeture cadenassable, la flight case Rock on Wall est aussi solide que l\u00e9g\u00e8re et vous pouvez lui confier vos disques vinyles les plus [&hellip;]<\/p>\n","protected":false},"featured_media":36031,"template":"","meta":{"_acf_changed":false,"content-type":""},"product_brand":[],"product_cat":[536],"product_tag":[],"class_list":{"0":"post-36030","1":"product","2":"type-product","3":"status-publish","4":"has-post-thumbnail","6":"product_cat-rangement-vinyle","7":"pa_hauteur-375cm","8":"pa_largeur-345cm","10":"first","11":"instock","12":"taxable","13":"shipping-taxable","14":"purchasable","15":"product-type-simple"},"acf":[],"_links":{"self":[{"href":"https:\/\/legacy.rockonwall.com\/fr\/wp-json\/wp\/v2\/product\/36030","targetHints":{"allow":["GET"]}}],"collection":[{"href":"https:\/\/legacy.rockonwall.com\/fr\/wp-json\/wp\/v2\/product"}],"about":[{"href":"https:\/\/legacy.rockonwall.com\/fr\/wp-json\/wp\/v2\/types\/product"}],"wp:featuredmedia":[{"embeddable":true,"href":"https:\/\/legacy.rockonwall.com\/fr\/wp-json\/wp\/v2\/media\/36031"}],"wp:attachment":[{"href":"https:\/\/legacy.rockonwall.com\/fr\/wp-json\/wp\/v2\/media?parent=36030"}],"wp:term":[{"taxonomy":"product_brand","embeddable":true,"href":"https:\/\/legacy.rockonwall.com\/fr\/wp-json\/wp\/v2\/product_brand?post=36030"},{"taxonomy":"product_cat","embeddable":true,"href":"https:\/\/legacy.rockonwall.com\/fr\/wp-json\/wp\/v2\/product_cat?post=36030"},{"taxonomy":"product_tag","embeddable":true,"href":"https:\/\/legacy.rockonwall.com\/fr\/wp-json\/wp\/v2\/product_tag?post=36030"}],"curies":[{"name":"wp","href":"https:\/\/api.w.org\/{rel}","templated":true}]}}