{"id":42101,"date":"2019-01-14T11:09:00","date_gmt":"2019-01-14T10:09:00","guid":{"rendered":"https:\/\/www.rockonwall.com\/?post_type=product&#038;p=42101"},"modified":"2026-04-02T13:26:48","modified_gmt":"2026-04-02T12:26:48","slug":"pochette-souple-33t-x500","status":"publish","type":"product","link":"https:\/\/legacy.rockonwall.com\/fr\/produit\/protection-vinyle\/pochette-souple-33t-x500\/","title":{"rendered":"500 Pochettes souples en poly\u00e9thyl\u00e8ne recycl\u00e9 pour disque vinyle 33T- vrac"},"content":{"rendered":"<p style=\"text-align: justify;\">Lot de 500 pochettes souples en poly\u00e9thyl\u00e8ne recycl\u00e9 et recyclable 80 microns pour la protection des <strong>disques vinyles<\/strong> 33T de la poussi\u00e8re, de l&rsquo;humidit\u00e9 et des\u00a0frottements. Convient aux <strong>disques vinyles<\/strong> 33T simples, doubles, triples, gatefold et double gatefold.<\/p>\n<p>Id\u00e9al pour disquaires et magasins revendeurs.<\/p>\n","protected":false},"excerpt":{"rendered":"<p>Lot de 500 pochettes souples en poly\u00e9thyl\u00e8ne recycl\u00e9 et recyclable 80 microns pour la protection des disques vinyles 33T de la poussi\u00e8re, de l&rsquo;humidit\u00e9 et des\u00a0frottements. Convient aux disques vinyles 33T simples, doubles, triples, gatefold et double gatefold. Id\u00e9al pour disquaires et magasins revendeurs.<\/p>\n","protected":false},"featured_media":45385,"template":"","meta":{"_acf_changed":false,"content-type":""},"product_brand":[],"product_cat":[621],"product_tag":[630,640],"class_list":{"0":"post-42101","1":"product","2":"type-product","3":"status-publish","4":"has-post-thumbnail","6":"product_cat-protection-vinyle","7":"product_tag-disque-vinyle","8":"product_tag-pochette","10":"first","11":"instock","12":"taxable","13":"shipping-taxable","14":"purchasable","15":"product-type-simple"},"acf":[],"_links":{"self":[{"href":"https:\/\/legacy.rockonwall.com\/fr\/wp-json\/wp\/v2\/product\/42101","targetHints":{"allow":["GET"]}}],"collection":[{"href":"https:\/\/legacy.rockonwall.com\/fr\/wp-json\/wp\/v2\/product"}],"about":[{"href":"https:\/\/legacy.rockonwall.com\/fr\/wp-json\/wp\/v2\/types\/product"}],"wp:featuredmedia":[{"embeddable":true,"href":"https:\/\/legacy.rockonwall.com\/fr\/wp-json\/wp\/v2\/media\/45385"}],"wp:attachment":[{"href":"https:\/\/legacy.rockonwall.com\/fr\/wp-json\/wp\/v2\/media?parent=42101"}],"wp:term":[{"taxonomy":"product_brand","embeddable":true,"href":"https:\/\/legacy.rockonwall.com\/fr\/wp-json\/wp\/v2\/product_brand?post=42101"},{"taxonomy":"product_cat","embeddable":true,"href":"https:\/\/legacy.rockonwall.com\/fr\/wp-json\/wp\/v2\/product_cat?post=42101"},{"taxonomy":"product_tag","embeddable":true,"href":"https:\/\/legacy.rockonwall.com\/fr\/wp-json\/wp\/v2\/product_tag?post=42101"}],"curies":[{"name":"wp","href":"https:\/\/api.w.org\/{rel}","templated":true}]}}