{"id":45260,"date":"2022-02-24T14:42:46","date_gmt":"2022-02-24T13:42:46","guid":{"rendered":"https:\/\/www.rockonwall.com\/?post_type=product&#038;p=45260"},"modified":"2026-04-02T13:25:05","modified_gmt":"2026-04-02T12:25:05","slug":"pochette-souple-33t-x50-2","status":"publish","type":"product","link":"https:\/\/legacy.rockonwall.com\/fr\/produit\/protection-vinyle\/pochette-souple-33t-x50-2\/","title":{"rendered":"Pochette souple en Poly\u00e9thyl\u00e8ne recycl\u00e9 pour disque vinyle 33T &#8211; lot de 50 &#8211; Broch\u00e9es"},"content":{"rendered":"<p style=\"text-align: justify;\">Lot de 50 pochettes souples en poly\u00e9thyl\u00e8ne recycl\u00e9 et recyclable 80 microns\u00a0 pour la protection des <strong>disques vinyles<\/strong> 33T de la poussi\u00e8re, de l&rsquo;humidit\u00e9 et des\u00a0frottements. Convient aux <strong>disques vinyles<\/strong> 33T\u00a0simples, doubles, triples, gatefold et double gatefold.<\/p>\n<p>Emballage en pochette film\u00e9e munie d&rsquo;un crochet pour mise en rayon \/ brochage.<\/p>\n","protected":false},"excerpt":{"rendered":"<p>Lot de 50 pochettes souples en poly\u00e9thyl\u00e8ne recycl\u00e9 et recyclable 80 microns\u00a0 pour la protection des disques vinyles 33T de la poussi\u00e8re, de l&rsquo;humidit\u00e9 et des\u00a0frottements. Convient aux disques vinyles 33T\u00a0simples, doubles, triples, gatefold et double gatefold. Emballage en pochette film\u00e9e munie d&rsquo;un crochet pour mise en rayon \/ brochage.<\/p>\n","protected":false},"featured_media":50291,"template":"","meta":{"_acf_changed":false,"content-type":""},"product_brand":[],"product_cat":[621],"product_tag":[630,640],"class_list":{"0":"post-45260","1":"product","2":"type-product","3":"status-publish","4":"has-post-thumbnail","6":"product_cat-protection-vinyle","7":"product_tag-disque-vinyle","8":"product_tag-pochette","10":"first","11":"instock","12":"taxable","13":"shipping-taxable","14":"purchasable","15":"product-type-simple"},"acf":[],"_links":{"self":[{"href":"https:\/\/legacy.rockonwall.com\/fr\/wp-json\/wp\/v2\/product\/45260","targetHints":{"allow":["GET"]}}],"collection":[{"href":"https:\/\/legacy.rockonwall.com\/fr\/wp-json\/wp\/v2\/product"}],"about":[{"href":"https:\/\/legacy.rockonwall.com\/fr\/wp-json\/wp\/v2\/types\/product"}],"wp:featuredmedia":[{"embeddable":true,"href":"https:\/\/legacy.rockonwall.com\/fr\/wp-json\/wp\/v2\/media\/50291"}],"wp:attachment":[{"href":"https:\/\/legacy.rockonwall.com\/fr\/wp-json\/wp\/v2\/media?parent=45260"}],"wp:term":[{"taxonomy":"product_brand","embeddable":true,"href":"https:\/\/legacy.rockonwall.com\/fr\/wp-json\/wp\/v2\/product_brand?post=45260"},{"taxonomy":"product_cat","embeddable":true,"href":"https:\/\/legacy.rockonwall.com\/fr\/wp-json\/wp\/v2\/product_cat?post=45260"},{"taxonomy":"product_tag","embeddable":true,"href":"https:\/\/legacy.rockonwall.com\/fr\/wp-json\/wp\/v2\/product_tag?post=45260"}],"curies":[{"name":"wp","href":"https:\/\/api.w.org\/{rel}","templated":true}]}}