{"id":45335,"date":"2022-03-30T15:30:55","date_gmt":"2022-03-30T14:30:55","guid":{"rendered":"https:\/\/www.rockonwall.com\/?post_type=product&#038;p=45335"},"modified":"2024-12-19T11:06:29","modified_gmt":"2024-12-19T10:06:29","slug":"kit-de-nettoyage-3-produits","status":"publish","type":"product","link":"https:\/\/legacy.rockonwall.com\/fr\/produit\/accessoires-vinyles\/entretien-vinyle\/kit-de-nettoyage-3-produits\/","title":{"rendered":"Kit de nettoyage essentiel pour disque vinyle"},"content":{"rendered":"<p style=\"text-align: justify;\">Kit de nettoyage pour <strong>disque vinyle<\/strong>, compos\u00e9<\/p>\n<ul>\n<li style=\"text-align: justify;\">d&rsquo;un liquide de nettoyage avec agents bio et naturels de 50 ml<\/li>\n<li style=\"text-align: justify;\">d&rsquo;une brosse anti-statique en h\u00eatre et nylon tr\u00e8s doux<\/li>\n<li style=\"text-align: justify;\">d&rsquo;un chiffon de nettoyage special vinyles.<\/li>\n<\/ul>\n<p>Facile d&rsquo;utilisation et sans risque, il permet un d\u00e9poussi\u00e9rage\/d\u00e9graissage en profondeur.<\/p>\n<p>Composants produits en France et Union Europ\u00e9enne.<\/p>\n","protected":false},"excerpt":{"rendered":"<p>Kit de nettoyage pour disque vinyle, compos\u00e9 d&rsquo;un liquide de nettoyage avec agents bio et naturels de 50 ml d&rsquo;une brosse anti-statique en h\u00eatre et nylon tr\u00e8s doux d&rsquo;un chiffon de nettoyage special vinyles. Facile d&rsquo;utilisation et sans risque, il permet un d\u00e9poussi\u00e9rage\/d\u00e9graissage en profondeur. Composants produits en France et Union Europ\u00e9enne.<\/p>\n","protected":false},"featured_media":48328,"template":"","meta":{"_acf_changed":false,"content-type":""},"product_brand":[],"product_cat":[535],"product_tag":[933,625,932,623],"class_list":{"0":"post-45335","1":"product","2":"type-product","3":"status-publish","4":"has-post-thumbnail","6":"product_cat-entretien-vinyle","7":"product_tag-brosse","8":"product_tag-disque","9":"product_tag-nettoyant","10":"product_tag-vinyle","12":"first","13":"instock","14":"taxable","15":"shipping-taxable","16":"purchasable","17":"product-type-simple"},"acf":[],"_links":{"self":[{"href":"https:\/\/legacy.rockonwall.com\/fr\/wp-json\/wp\/v2\/product\/45335","targetHints":{"allow":["GET"]}}],"collection":[{"href":"https:\/\/legacy.rockonwall.com\/fr\/wp-json\/wp\/v2\/product"}],"about":[{"href":"https:\/\/legacy.rockonwall.com\/fr\/wp-json\/wp\/v2\/types\/product"}],"wp:featuredmedia":[{"embeddable":true,"href":"https:\/\/legacy.rockonwall.com\/fr\/wp-json\/wp\/v2\/media\/48328"}],"wp:attachment":[{"href":"https:\/\/legacy.rockonwall.com\/fr\/wp-json\/wp\/v2\/media?parent=45335"}],"wp:term":[{"taxonomy":"product_brand","embeddable":true,"href":"https:\/\/legacy.rockonwall.com\/fr\/wp-json\/wp\/v2\/product_brand?post=45335"},{"taxonomy":"product_cat","embeddable":true,"href":"https:\/\/legacy.rockonwall.com\/fr\/wp-json\/wp\/v2\/product_cat?post=45335"},{"taxonomy":"product_tag","embeddable":true,"href":"https:\/\/legacy.rockonwall.com\/fr\/wp-json\/wp\/v2\/product_tag?post=45335"}],"curies":[{"name":"wp","href":"https:\/\/api.w.org\/{rel}","templated":true}]}}