{"id":45614,"date":"2022-09-16T07:57:31","date_gmt":"2022-09-16T06:57:31","guid":{"rendered":"https:\/\/www.rockonwall.com\/?post_type=product&#038;p=45614"},"modified":"2024-12-19T11:05:30","modified_gmt":"2024-12-19T10:05:30","slug":"brosse-anti-statique-pour-disque-vinyle-en-bois","status":"publish","type":"product","link":"https:\/\/legacy.rockonwall.com\/fr\/produit\/accessoires-vinyles\/entretien-vinyle\/brosse-anti-statique-pour-disque-vinyle-en-bois\/","title":{"rendered":"Brosse Anti-Statique pour disque vinyle en bois"},"content":{"rendered":"<p style=\"text-align: justify;\">Brosse Anti-Statique en bois de h\u00eatre (fabrication fran\u00e7aise) et poils en nylon (fabriqu\u00e9s en Allemagne) permettant le d\u00e9poussi\u00e9rage de la surface du <strong>disque vinyle<\/strong>, le d\u00e9chargement de l&rsquo;\u00e9lectricit\u00e9 statique provoqu\u00e9e par le frottement et la r\u00e9duction de la distorsion due \u00e0 la friction entre la t\u00eate de lecture et le sillon. Fabrication<\/p>\n","protected":false},"excerpt":{"rendered":"<h2><span style=\"color: #e01e10;\">\u00a0<\/span><\/h2>\n","protected":false},"featured_media":47886,"template":"","meta":{"_acf_changed":false,"content-type":""},"product_brand":[],"product_cat":[535],"product_tag":[933,625,932,623],"class_list":{"0":"post-45614","1":"product","2":"type-product","3":"status-publish","4":"has-post-thumbnail","6":"product_cat-entretien-vinyle","7":"product_tag-brosse","8":"product_tag-disque","9":"product_tag-nettoyant","10":"product_tag-vinyle","12":"first","13":"instock","14":"taxable","15":"shipping-taxable","16":"purchasable","17":"product-type-simple"},"acf":[],"_links":{"self":[{"href":"https:\/\/legacy.rockonwall.com\/fr\/wp-json\/wp\/v2\/product\/45614","targetHints":{"allow":["GET"]}}],"collection":[{"href":"https:\/\/legacy.rockonwall.com\/fr\/wp-json\/wp\/v2\/product"}],"about":[{"href":"https:\/\/legacy.rockonwall.com\/fr\/wp-json\/wp\/v2\/types\/product"}],"wp:featuredmedia":[{"embeddable":true,"href":"https:\/\/legacy.rockonwall.com\/fr\/wp-json\/wp\/v2\/media\/47886"}],"wp:attachment":[{"href":"https:\/\/legacy.rockonwall.com\/fr\/wp-json\/wp\/v2\/media?parent=45614"}],"wp:term":[{"taxonomy":"product_brand","embeddable":true,"href":"https:\/\/legacy.rockonwall.com\/fr\/wp-json\/wp\/v2\/product_brand?post=45614"},{"taxonomy":"product_cat","embeddable":true,"href":"https:\/\/legacy.rockonwall.com\/fr\/wp-json\/wp\/v2\/product_cat?post=45614"},{"taxonomy":"product_tag","embeddable":true,"href":"https:\/\/legacy.rockonwall.com\/fr\/wp-json\/wp\/v2\/product_tag?post=45614"}],"curies":[{"name":"wp","href":"https:\/\/api.w.org\/{rel}","templated":true}]}}