{"id":45677,"date":"2022-10-18T08:12:41","date_gmt":"2022-10-18T07:12:41","guid":{"rendered":"https:\/\/www.rockonwall.com\/?post_type=product&#038;p=45677"},"modified":"2026-04-02T13:34:56","modified_gmt":"2026-04-02T12:34:56","slug":"pochette-souple-45t-x20","status":"publish","type":"product","link":"https:\/\/legacy.rockonwall.com\/fr\/produit\/protection-vinyle\/pochette-souple-45t-x20\/","title":{"rendered":"Pochette souple en poly\u00e9thyl\u00e8ne recycl\u00e9 pour disque vinyle 45T &#8211; Lot de 20 &#8211; Film\u00e9es"},"content":{"rendered":"<p style=\"text-align: justify;\">Lot de 20 pochettes souples en poly\u00e9thyl\u00e8ne recycl\u00e9 et recyclable 80 microns\u00a0 pour la protection des <strong>disques vinyles<\/strong> 45T de la poussi\u00e8re, de l&rsquo;humidit\u00e9 et des frottements. Convient aux <strong>disques vinyles<\/strong> 45T.<\/p>\n","protected":false},"excerpt":{"rendered":"<p>Lot de 20 pochettes souples en poly\u00e9thyl\u00e8ne recycl\u00e9 et recyclable 80 microns\u00a0 pour la protection des disques vinyles 45T de la poussi\u00e8re, de l&rsquo;humidit\u00e9 et des frottements. Convient aux disques vinyles 45T.<\/p>\n","protected":false},"featured_media":50297,"template":"","meta":{"_acf_changed":false,"content-type":""},"product_brand":[],"product_cat":[621],"product_tag":[630,640],"class_list":{"0":"post-45677","1":"product","2":"type-product","3":"status-publish","4":"has-post-thumbnail","6":"product_cat-protection-vinyle","7":"product_tag-disque-vinyle","8":"product_tag-pochette","10":"first","11":"instock","12":"taxable","13":"shipping-taxable","14":"purchasable","15":"product-type-simple"},"acf":[],"_links":{"self":[{"href":"https:\/\/legacy.rockonwall.com\/fr\/wp-json\/wp\/v2\/product\/45677","targetHints":{"allow":["GET"]}}],"collection":[{"href":"https:\/\/legacy.rockonwall.com\/fr\/wp-json\/wp\/v2\/product"}],"about":[{"href":"https:\/\/legacy.rockonwall.com\/fr\/wp-json\/wp\/v2\/types\/product"}],"wp:featuredmedia":[{"embeddable":true,"href":"https:\/\/legacy.rockonwall.com\/fr\/wp-json\/wp\/v2\/media\/50297"}],"wp:attachment":[{"href":"https:\/\/legacy.rockonwall.com\/fr\/wp-json\/wp\/v2\/media?parent=45677"}],"wp:term":[{"taxonomy":"product_brand","embeddable":true,"href":"https:\/\/legacy.rockonwall.com\/fr\/wp-json\/wp\/v2\/product_brand?post=45677"},{"taxonomy":"product_cat","embeddable":true,"href":"https:\/\/legacy.rockonwall.com\/fr\/wp-json\/wp\/v2\/product_cat?post=45677"},{"taxonomy":"product_tag","embeddable":true,"href":"https:\/\/legacy.rockonwall.com\/fr\/wp-json\/wp\/v2\/product_tag?post=45677"}],"curies":[{"name":"wp","href":"https:\/\/api.w.org\/{rel}","templated":true}]}}