{"id":45972,"date":"2023-04-11T08:59:37","date_gmt":"2023-04-11T07:59:37","guid":{"rendered":"https:\/\/www.rockonwall.com\/?post_type=product&#038;p=45972"},"modified":"2023-09-10T13:48:42","modified_gmt":"2023-09-10T12:48:42","slug":"range-vinyles-orange","status":"publish","type":"product","link":"https:\/\/legacy.rockonwall.com\/fr\/produit\/accessoires-vinyles\/rangement-vinyle\/range-vinyles-orange\/","title":{"rendered":"Range-vinyles orange"},"content":{"rendered":"<p>Range vinyles en PVC pour le rangement d\u2019une quarantaine de\u00a0<strong>disques vinyles<\/strong>\u00a033T. Id\u00e9al pour stocker les\u00a0<strong>disques vinyles<\/strong>\u00a0en cours d\u2019\u00e9coute ou r\u00e9cemment acquis. Il \u00e9vite ainsi un stockage \u00e0 plat qui risquerait d\u2019endommager vos\u00a0<strong>disques vinyles<\/strong>.<\/p>\n","protected":false},"excerpt":{"rendered":"<p>Range vinyles en PVC pour le rangement d\u2019une quarantaine de\u00a0<strong>disques vinyles<\/strong>\u00a033T. Id\u00e9al pour stocker les\u00a0<strong>disques vinyles<\/strong>\u00a0en cours d\u2019\u00e9coute ou r\u00e9cemment acquis. Il \u00e9vite ainsi un stockage \u00e0 plat qui risquerait d\u2019endommager vos\u00a0<strong>disques vinyles<\/strong>.<\/p>\n","protected":false},"featured_media":45976,"template":"","meta":{"_acf_changed":false,"content-type":""},"product_brand":[],"product_cat":[536],"product_tag":[],"class_list":{"0":"post-45972","1":"product","2":"type-product","3":"status-publish","4":"has-post-thumbnail","6":"product_cat-rangement-vinyle","7":"pa_hauteur-32-cm","8":"pa_largeur-18cm","10":"first","11":"outofstock","12":"taxable","13":"shipping-taxable","14":"purchasable","15":"product-type-simple"},"acf":[],"_links":{"self":[{"href":"https:\/\/legacy.rockonwall.com\/fr\/wp-json\/wp\/v2\/product\/45972","targetHints":{"allow":["GET"]}}],"collection":[{"href":"https:\/\/legacy.rockonwall.com\/fr\/wp-json\/wp\/v2\/product"}],"about":[{"href":"https:\/\/legacy.rockonwall.com\/fr\/wp-json\/wp\/v2\/types\/product"}],"wp:featuredmedia":[{"embeddable":true,"href":"https:\/\/legacy.rockonwall.com\/fr\/wp-json\/wp\/v2\/media\/45976"}],"wp:attachment":[{"href":"https:\/\/legacy.rockonwall.com\/fr\/wp-json\/wp\/v2\/media?parent=45972"}],"wp:term":[{"taxonomy":"product_brand","embeddable":true,"href":"https:\/\/legacy.rockonwall.com\/fr\/wp-json\/wp\/v2\/product_brand?post=45972"},{"taxonomy":"product_cat","embeddable":true,"href":"https:\/\/legacy.rockonwall.com\/fr\/wp-json\/wp\/v2\/product_cat?post=45972"},{"taxonomy":"product_tag","embeddable":true,"href":"https:\/\/legacy.rockonwall.com\/fr\/wp-json\/wp\/v2\/product_tag?post=45972"}],"curies":[{"name":"wp","href":"https:\/\/api.w.org\/{rel}","templated":true}]}}