{"id":46421,"date":"2024-02-14T10:26:38","date_gmt":"2024-02-14T09:26:38","guid":{"rendered":"https:\/\/www.rockonwall.com\/?post_type=product&#038;p=46421"},"modified":"2026-04-02T13:20:43","modified_gmt":"2026-04-02T12:20:43","slug":"pochettes-souples-pour-disque-vinyle-33t-lot-de-100","status":"publish","type":"product","link":"https:\/\/legacy.rockonwall.com\/fr\/produit\/protection-vinyle\/pochettes-souples-pour-disque-vinyle-33t-lot-de-100\/","title":{"rendered":"Pochette souple en poly\u00e9thyl\u00e8ne recycl\u00e9 pour disque vinyle 33T &#8211; lot de 100 &#8211; Film\u00e9es"},"content":{"rendered":"<p>100 pochettes souples en poly\u00e9thyl\u00e8ne recycl\u00e9 et recyclable, parfaites pour vos vinyles 33 tours.<\/p>\n<p>Prot\u00e9gez votre collection contre poussi\u00e8re, humidit\u00e9 et frottements.<\/p>\n<p>Une solution chic pour vos vinyles !<\/p>\n","protected":false},"excerpt":{"rendered":"<p>100 pochettes souples en poly\u00e9thyl\u00e8ne recycl\u00e9 et recyclable, parfaites pour vos vinyles 33 tours. Prot\u00e9gez votre collection contre poussi\u00e8re, humidit\u00e9 et frottements. Une solution chic pour vos vinyles !<\/p>\n","protected":false},"featured_media":50287,"template":"","meta":{"_acf_changed":false,"content-type":""},"product_brand":[],"product_cat":[621],"product_tag":[],"class_list":{"0":"post-46421","1":"product","2":"type-product","3":"status-publish","4":"has-post-thumbnail","6":"product_cat-protection-vinyle","8":"first","9":"instock","10":"taxable","11":"shipping-taxable","12":"purchasable","13":"product-type-simple"},"acf":[],"_links":{"self":[{"href":"https:\/\/legacy.rockonwall.com\/fr\/wp-json\/wp\/v2\/product\/46421","targetHints":{"allow":["GET"]}}],"collection":[{"href":"https:\/\/legacy.rockonwall.com\/fr\/wp-json\/wp\/v2\/product"}],"about":[{"href":"https:\/\/legacy.rockonwall.com\/fr\/wp-json\/wp\/v2\/types\/product"}],"wp:featuredmedia":[{"embeddable":true,"href":"https:\/\/legacy.rockonwall.com\/fr\/wp-json\/wp\/v2\/media\/50287"}],"wp:attachment":[{"href":"https:\/\/legacy.rockonwall.com\/fr\/wp-json\/wp\/v2\/media?parent=46421"}],"wp:term":[{"taxonomy":"product_brand","embeddable":true,"href":"https:\/\/legacy.rockonwall.com\/fr\/wp-json\/wp\/v2\/product_brand?post=46421"},{"taxonomy":"product_cat","embeddable":true,"href":"https:\/\/legacy.rockonwall.com\/fr\/wp-json\/wp\/v2\/product_cat?post=46421"},{"taxonomy":"product_tag","embeddable":true,"href":"https:\/\/legacy.rockonwall.com\/fr\/wp-json\/wp\/v2\/product_tag?post=46421"}],"curies":[{"name":"wp","href":"https:\/\/api.w.org\/{rel}","templated":true}]}}