{"id":46426,"date":"2024-02-15T06:46:56","date_gmt":"2024-02-15T05:46:56","guid":{"rendered":"https:\/\/www.rockonwall.com\/?post_type=product&#038;p=46426"},"modified":"2025-01-03T08:56:20","modified_gmt":"2025-01-03T07:56:20","slug":"pochette-souple-45t-x100","status":"publish","type":"product","link":"https:\/\/legacy.rockonwall.com\/fr\/produit\/protection-vinyle\/pochette-souple-45t-x100\/","title":{"rendered":"100 Pochettes souples en poly\u00e9thyl\u00e8ne recycl\u00e9 pour disque vinyle 45T &#8211; vrac"},"content":{"rendered":"<p>Lot de 100 pochettes souples \u00a0en poly\u00e9thyl\u00e8ne recycl\u00e9 et recyclable 80 microns\u00a0 pour la protection des\u00a0<strong>disques vinyles<\/strong>\u00a045T de la poussi\u00e8re, de l\u2019humidit\u00e9 et des frottements.<\/p>\n<p>&nbsp;<\/p>\n<p>Convient aux\u00a0<strong>disques vinyles<\/strong>\u00a045T.<\/p>\n","protected":false},"excerpt":{"rendered":"<p>Lot de 100 pochettes souples \u00a0en poly\u00e9thyl\u00e8ne recycl\u00e9 et recyclable 80 microns\u00a0 pour la protection des\u00a0disques vinyles\u00a045T de la poussi\u00e8re, de l\u2019humidit\u00e9 et des frottements. &nbsp; Convient aux\u00a0disques vinyles\u00a045T.<\/p>\n","protected":false},"featured_media":46428,"template":"","meta":{"_acf_changed":false,"content-type":""},"product_brand":[],"product_cat":[621],"product_tag":[630,640],"class_list":{"0":"post-46426","1":"product","2":"type-product","3":"status-publish","4":"has-post-thumbnail","6":"product_cat-protection-vinyle","7":"product_tag-disque-vinyle","8":"product_tag-pochette","10":"first","11":"instock","12":"taxable","13":"shipping-taxable","14":"purchasable","15":"product-type-simple"},"acf":[],"_links":{"self":[{"href":"https:\/\/legacy.rockonwall.com\/fr\/wp-json\/wp\/v2\/product\/46426","targetHints":{"allow":["GET"]}}],"collection":[{"href":"https:\/\/legacy.rockonwall.com\/fr\/wp-json\/wp\/v2\/product"}],"about":[{"href":"https:\/\/legacy.rockonwall.com\/fr\/wp-json\/wp\/v2\/types\/product"}],"wp:featuredmedia":[{"embeddable":true,"href":"https:\/\/legacy.rockonwall.com\/fr\/wp-json\/wp\/v2\/media\/46428"}],"wp:attachment":[{"href":"https:\/\/legacy.rockonwall.com\/fr\/wp-json\/wp\/v2\/media?parent=46426"}],"wp:term":[{"taxonomy":"product_brand","embeddable":true,"href":"https:\/\/legacy.rockonwall.com\/fr\/wp-json\/wp\/v2\/product_brand?post=46426"},{"taxonomy":"product_cat","embeddable":true,"href":"https:\/\/legacy.rockonwall.com\/fr\/wp-json\/wp\/v2\/product_cat?post=46426"},{"taxonomy":"product_tag","embeddable":true,"href":"https:\/\/legacy.rockonwall.com\/fr\/wp-json\/wp\/v2\/product_tag?post=46426"}],"curies":[{"name":"wp","href":"https:\/\/api.w.org\/{rel}","templated":true}]}}