{"id":46553,"date":"2024-02-26T10:28:53","date_gmt":"2024-02-26T09:28:53","guid":{"rendered":"https:\/\/www.rockonwall.com\/?post_type=product&#038;p=46553"},"modified":"2025-10-17T08:30:36","modified_gmt":"2025-10-17T07:30:36","slug":"feutrine-vinyl-head","status":"publish","type":"product","link":"https:\/\/legacy.rockonwall.com\/fr\/produit\/accessoires-vinyles\/feutrines\/feutrine-vinyl-head\/","title":{"rendered":"Feutrine Vinyl Head  pour disque vinyle."},"content":{"rendered":"<p style=\"text-align: justify;\">La Feutrine Vinyl Head est fabriqu\u00e9e \u00e0 100% en feutre pour prot\u00e9ger vos disques vinyles lors de la manipulation tout en ajoutant une touche unique et audacieuse \u00e0 votre platine vinyle.<\/p>\n","protected":false},"excerpt":{"rendered":"<p>La Feutrine Vinyl Head est fabriqu\u00e9e \u00e0 100% en feutre pour prot\u00e9ger vos disques vinyles lors de la manipulation tout en ajoutant une touche unique et audacieuse \u00e0 votre platine vinyle.<\/p>\n","protected":false},"featured_media":47485,"template":"","meta":{"_acf_changed":false,"content-type":""},"product_brand":[],"product_cat":[533,1557,2026],"product_tag":[],"class_list":{"0":"post-46553","1":"product","2":"type-product","3":"status-publish","4":"has-post-thumbnail","6":"product_cat-accessoires-vinyles","7":"product_cat-feutrines","8":"product_cat-bonnes-affaires","9":"pa_largeur-29-cm","11":"first","12":"instock","13":"sale","14":"taxable","15":"shipping-taxable","16":"purchasable","17":"product-type-simple"},"acf":[],"_links":{"self":[{"href":"https:\/\/legacy.rockonwall.com\/fr\/wp-json\/wp\/v2\/product\/46553","targetHints":{"allow":["GET"]}}],"collection":[{"href":"https:\/\/legacy.rockonwall.com\/fr\/wp-json\/wp\/v2\/product"}],"about":[{"href":"https:\/\/legacy.rockonwall.com\/fr\/wp-json\/wp\/v2\/types\/product"}],"wp:featuredmedia":[{"embeddable":true,"href":"https:\/\/legacy.rockonwall.com\/fr\/wp-json\/wp\/v2\/media\/47485"}],"wp:attachment":[{"href":"https:\/\/legacy.rockonwall.com\/fr\/wp-json\/wp\/v2\/media?parent=46553"}],"wp:term":[{"taxonomy":"product_brand","embeddable":true,"href":"https:\/\/legacy.rockonwall.com\/fr\/wp-json\/wp\/v2\/product_brand?post=46553"},{"taxonomy":"product_cat","embeddable":true,"href":"https:\/\/legacy.rockonwall.com\/fr\/wp-json\/wp\/v2\/product_cat?post=46553"},{"taxonomy":"product_tag","embeddable":true,"href":"https:\/\/legacy.rockonwall.com\/fr\/wp-json\/wp\/v2\/product_tag?post=46553"}],"curies":[{"name":"wp","href":"https:\/\/api.w.org\/{rel}","templated":true}]}}