{"id":46923,"date":"2024-03-22T10:00:04","date_gmt":"2024-03-22T09:00:04","guid":{"rendered":"https:\/\/www.rockonwall.com\/?post_type=product&#038;p=46923"},"modified":"2026-04-02T13:31:21","modified_gmt":"2026-04-02T12:31:21","slug":"pochette-rigide-pour-triple-album-x-3-pour-disque-vinyle","status":"publish","type":"product","link":"https:\/\/legacy.rockonwall.com\/fr\/produit\/protection-vinyle\/pochette-rigide-pour-triple-album-x-3-pour-disque-vinyle\/","title":{"rendered":"Pochette rigide pour triple album disque Vinyle 33T &#8211; lot de 3 &#8211; Film\u00e9es"},"content":{"rendered":"<p style=\"text-align: justify;\">Lot de 3<strong>\u00a0Pochettes rigides <\/strong>en PVC de qualit\u00e9 sup\u00e9rieure (150 microns) pour triple album 33T. Transparente et lisse, avec ouvertures aux extr\u00e9mit\u00e9s et au milieu pour un acc\u00e8s facile.<\/p>\n","protected":false},"excerpt":{"rendered":"<p>Lot de 3\u00a0Pochettes rigides en PVC de qualit\u00e9 sup\u00e9rieure (150 microns) pour triple album 33T. Transparente et lisse, avec ouvertures aux extr\u00e9mit\u00e9s et au milieu pour un acc\u00e8s facile.<\/p>\n","protected":false},"featured_media":47268,"template":"","meta":{"_acf_changed":false,"content-type":""},"product_brand":[],"product_cat":[621],"product_tag":[630,640,2013],"class_list":{"0":"post-46923","1":"product","2":"type-product","3":"status-publish","4":"has-post-thumbnail","6":"product_cat-protection-vinyle","7":"product_tag-disque-vinyle","8":"product_tag-pochette","9":"product_tag-protection","11":"first","12":"instock","13":"taxable","14":"shipping-taxable","15":"purchasable","16":"product-type-simple"},"acf":[],"_links":{"self":[{"href":"https:\/\/legacy.rockonwall.com\/fr\/wp-json\/wp\/v2\/product\/46923","targetHints":{"allow":["GET"]}}],"collection":[{"href":"https:\/\/legacy.rockonwall.com\/fr\/wp-json\/wp\/v2\/product"}],"about":[{"href":"https:\/\/legacy.rockonwall.com\/fr\/wp-json\/wp\/v2\/types\/product"}],"wp:featuredmedia":[{"embeddable":true,"href":"https:\/\/legacy.rockonwall.com\/fr\/wp-json\/wp\/v2\/media\/47268"}],"wp:attachment":[{"href":"https:\/\/legacy.rockonwall.com\/fr\/wp-json\/wp\/v2\/media?parent=46923"}],"wp:term":[{"taxonomy":"product_brand","embeddable":true,"href":"https:\/\/legacy.rockonwall.com\/fr\/wp-json\/wp\/v2\/product_brand?post=46923"},{"taxonomy":"product_cat","embeddable":true,"href":"https:\/\/legacy.rockonwall.com\/fr\/wp-json\/wp\/v2\/product_cat?post=46923"},{"taxonomy":"product_tag","embeddable":true,"href":"https:\/\/legacy.rockonwall.com\/fr\/wp-json\/wp\/v2\/product_tag?post=46923"}],"curies":[{"name":"wp","href":"https:\/\/api.w.org\/{rel}","templated":true}]}}