{"id":49011,"date":"2024-10-30T07:46:32","date_gmt":"2024-10-30T06:46:32","guid":{"rendered":"https:\/\/www.rockonwall.com\/?post_type=product&#038;p=49011"},"modified":"2025-08-10T13:44:13","modified_gmt":"2025-08-10T12:44:13","slug":"feutrine-forest-pink-mushroom-pour-disque-vinyle","status":"publish","type":"product","link":"https:\/\/legacy.rockonwall.com\/fr\/produit\/accessoires-vinyles\/feutrines\/feutrine-forest-pink-mushroom-pour-disque-vinyle\/","title":{"rendered":"Feutrine Forest Pink Shroom pour disque vinyle."},"content":{"rendered":"<p style=\"text-align: justify;\">La Feutrine FOREST PINK MUSHROOM est fabriqu\u00e9e \u00e0 100% en feutre pour prot\u00e9ger vos disques vinyles lors de la manipulation tout en ajoutant une touche unique et audacieuse \u00e0 votre platine vinyle.<\/p>\n","protected":false},"excerpt":{"rendered":"<p>La Feutrine FOREST PINK MUSHROOM est fabriqu\u00e9e \u00e0 100% en feutre pour prot\u00e9ger vos disques vinyles lors de la manipulation tout en ajoutant une touche unique et audacieuse \u00e0 votre platine vinyle.<\/p>\n","protected":false},"featured_media":49015,"template":"","meta":{"_acf_changed":false,"content-type":""},"product_brand":[],"product_cat":[533,1557],"product_tag":[],"class_list":{"0":"post-49011","1":"product","2":"type-product","3":"status-publish","4":"has-post-thumbnail","6":"product_cat-accessoires-vinyles","7":"product_cat-feutrines","8":"pa_largeur-29-cm","10":"first","11":"instock","12":"featured","13":"taxable","14":"shipping-taxable","15":"purchasable","16":"product-type-simple"},"acf":[],"_links":{"self":[{"href":"https:\/\/legacy.rockonwall.com\/fr\/wp-json\/wp\/v2\/product\/49011","targetHints":{"allow":["GET"]}}],"collection":[{"href":"https:\/\/legacy.rockonwall.com\/fr\/wp-json\/wp\/v2\/product"}],"about":[{"href":"https:\/\/legacy.rockonwall.com\/fr\/wp-json\/wp\/v2\/types\/product"}],"wp:featuredmedia":[{"embeddable":true,"href":"https:\/\/legacy.rockonwall.com\/fr\/wp-json\/wp\/v2\/media\/49015"}],"wp:attachment":[{"href":"https:\/\/legacy.rockonwall.com\/fr\/wp-json\/wp\/v2\/media?parent=49011"}],"wp:term":[{"taxonomy":"product_brand","embeddable":true,"href":"https:\/\/legacy.rockonwall.com\/fr\/wp-json\/wp\/v2\/product_brand?post=49011"},{"taxonomy":"product_cat","embeddable":true,"href":"https:\/\/legacy.rockonwall.com\/fr\/wp-json\/wp\/v2\/product_cat?post=49011"},{"taxonomy":"product_tag","embeddable":true,"href":"https:\/\/legacy.rockonwall.com\/fr\/wp-json\/wp\/v2\/product_tag?post=49011"}],"curies":[{"name":"wp","href":"https:\/\/api.w.org\/{rel}","templated":true}]}}