{"id":50447,"date":"2025-03-19T11:05:33","date_gmt":"2025-03-19T10:05:33","guid":{"rendered":"https:\/\/www.rockonwall.com\/?post_type=product&#038;p=50447"},"modified":"2026-04-02T13:18:19","modified_gmt":"2026-04-02T12:18:19","slug":"pochettes-style-nagaoka-33t-12-qualite-premium-antistatique-lot-de-50","status":"publish","type":"product","link":"https:\/\/legacy.rockonwall.com\/fr\/produit\/protection-vinyle\/pochettes-style-nagaoka-33t-12-qualite-premium-antistatique-lot-de-50\/","title":{"rendered":"50 Pochettes int\u00e9rieures Japan style PE doubl\u00e9 &#8211; 33T"},"content":{"rendered":"<p>Nos pochettes int\u00e9rieures souples Japan style sont con\u00e7ues pour \u00e9viter les rayures, la poussi\u00e8re et l\u2019\u00e9lectricit\u00e9 statique, elles allient transparence, souplesse et durabilit\u00e9. Id\u00e9al pour audiophiles et collectionneurs !<\/p>\n<p>&nbsp;<\/p>\n<p>&nbsp;<\/p>\n","protected":false},"excerpt":{"rendered":"<p>Nos pochettes int\u00e9rieures souples Japan style sont con\u00e7ues pour \u00e9viter les rayures, la poussi\u00e8re et l\u2019\u00e9lectricit\u00e9 statique, elles allient transparence, souplesse et durabilit\u00e9. Id\u00e9al pour audiophiles et collectionneurs ! &nbsp; &nbsp;<\/p>\n","protected":false},"featured_media":52197,"template":"","meta":{"_acf_changed":false,"content-type":""},"product_brand":[],"product_cat":[2024,621],"product_tag":[],"class_list":{"0":"post-50447","1":"product","2":"type-product","3":"status-publish","4":"has-post-thumbnail","6":"product_cat-nouveautes","7":"product_cat-protection-vinyle","9":"first","10":"instock","11":"taxable","12":"shipping-taxable","13":"purchasable","14":"product-type-simple"},"acf":[],"_links":{"self":[{"href":"https:\/\/legacy.rockonwall.com\/fr\/wp-json\/wp\/v2\/product\/50447","targetHints":{"allow":["GET"]}}],"collection":[{"href":"https:\/\/legacy.rockonwall.com\/fr\/wp-json\/wp\/v2\/product"}],"about":[{"href":"https:\/\/legacy.rockonwall.com\/fr\/wp-json\/wp\/v2\/types\/product"}],"wp:featuredmedia":[{"embeddable":true,"href":"https:\/\/legacy.rockonwall.com\/fr\/wp-json\/wp\/v2\/media\/52197"}],"wp:attachment":[{"href":"https:\/\/legacy.rockonwall.com\/fr\/wp-json\/wp\/v2\/media?parent=50447"}],"wp:term":[{"taxonomy":"product_brand","embeddable":true,"href":"https:\/\/legacy.rockonwall.com\/fr\/wp-json\/wp\/v2\/product_brand?post=50447"},{"taxonomy":"product_cat","embeddable":true,"href":"https:\/\/legacy.rockonwall.com\/fr\/wp-json\/wp\/v2\/product_cat?post=50447"},{"taxonomy":"product_tag","embeddable":true,"href":"https:\/\/legacy.rockonwall.com\/fr\/wp-json\/wp\/v2\/product_tag?post=50447"}],"curies":[{"name":"wp","href":"https:\/\/api.w.org\/{rel}","templated":true}]}}