{"id":50489,"date":"2025-03-25T10:11:01","date_gmt":"2025-03-25T09:11:01","guid":{"rendered":"https:\/\/www.rockonwall.com\/?post_type=product&#038;p=50489"},"modified":"2026-03-06T12:37:01","modified_gmt":"2026-03-06T11:37:01","slug":"pochette-carton-vinyle-33t-lot-5","status":"publish","type":"product","link":"https:\/\/legacy.rockonwall.com\/fr\/produit\/protection-vinyle\/pochette-carton-vinyle-33t-lot-5\/","title":{"rendered":"Pochettes ext\u00e9rieures carton pour disque vinyle 33T x 5 &#8211; pochettes de remplacement"},"content":{"rendered":"<p>Pochettes cartonn\u00e9es rigides 300 g\/m\u00b2 avec dos renforc\u00e9 de 3 mm, id\u00e9ales pour remplacer les pochettes de vinyles endommag\u00e9es.<\/p>\n","protected":false},"excerpt":{"rendered":"<p>Pochettes cartonn\u00e9es rigides 300 g\/m\u00b2 avec dos renforc\u00e9 de 3 mm, id\u00e9ales pour remplacer les pochettes de vinyles endommag\u00e9es.<\/p>\n","protected":false},"featured_media":52201,"template":"","meta":{"_acf_changed":false,"content-type":""},"product_brand":[],"product_cat":[2024,621],"product_tag":[],"class_list":{"0":"post-50489","1":"product","2":"type-product","3":"status-publish","4":"has-post-thumbnail","6":"product_cat-nouveautes","7":"product_cat-protection-vinyle","9":"first","10":"instock","11":"taxable","12":"shipping-taxable","13":"purchasable","14":"product-type-simple"},"acf":[],"_links":{"self":[{"href":"https:\/\/legacy.rockonwall.com\/fr\/wp-json\/wp\/v2\/product\/50489","targetHints":{"allow":["GET"]}}],"collection":[{"href":"https:\/\/legacy.rockonwall.com\/fr\/wp-json\/wp\/v2\/product"}],"about":[{"href":"https:\/\/legacy.rockonwall.com\/fr\/wp-json\/wp\/v2\/types\/product"}],"wp:featuredmedia":[{"embeddable":true,"href":"https:\/\/legacy.rockonwall.com\/fr\/wp-json\/wp\/v2\/media\/52201"}],"wp:attachment":[{"href":"https:\/\/legacy.rockonwall.com\/fr\/wp-json\/wp\/v2\/media?parent=50489"}],"wp:term":[{"taxonomy":"product_brand","embeddable":true,"href":"https:\/\/legacy.rockonwall.com\/fr\/wp-json\/wp\/v2\/product_brand?post=50489"},{"taxonomy":"product_cat","embeddable":true,"href":"https:\/\/legacy.rockonwall.com\/fr\/wp-json\/wp\/v2\/product_cat?post=50489"},{"taxonomy":"product_tag","embeddable":true,"href":"https:\/\/legacy.rockonwall.com\/fr\/wp-json\/wp\/v2\/product_tag?post=50489"}],"curies":[{"name":"wp","href":"https:\/\/api.w.org\/{rel}","templated":true}]}}