{"id":50637,"date":"2025-03-14T09:56:34","date_gmt":"2025-03-14T08:56:34","guid":{"rendered":"https:\/\/www.rockonwall.com\/?post_type=product&#038;p=50637"},"modified":"2026-04-02T13:22:46","modified_gmt":"2026-04-02T12:22:46","slug":"pochettes-exterieures-souples-pe-recycle-33t-x100-etui","status":"publish","type":"product","link":"https:\/\/legacy.rockonwall.com\/fr\/produit\/protection-vinyle\/pochettes-exterieures-souples-pe-recycle-33t-x100-etui\/","title":{"rendered":"Pochettes ext\u00e9rieures vinyle 33T \u2013 PE recycl\u00e9 80 microns \u2013 Lot de 100 &#8211; Etui"},"content":{"rendered":"<p>100 pochettes souples en poly\u00e9thyl\u00e8ne recycl\u00e9 et recyclable, parfaites pour vos vinyles 33 tours.<\/p>\n<p>Prot\u00e9gez votre collection contre poussi\u00e8re, humidit\u00e9 et frottements.<\/p>\n<p>Une solution chic pour vos vinyles !<\/p>\n<p>Conditionn\u00e9 en \u00e9tui cartonn\u00e9<\/p>\n","protected":false},"excerpt":{"rendered":"<p>100 pochettes souples en poly\u00e9thyl\u00e8ne recycl\u00e9 et recyclable, parfaites pour vos vinyles 33 tours. Prot\u00e9gez votre collection contre poussi\u00e8re, humidit\u00e9 et frottements. Une solution chic pour vos vinyles ! Conditionn\u00e9 en \u00e9tui cartonn\u00e9<\/p>\n","protected":false},"featured_media":52203,"template":"","meta":{"_acf_changed":false,"content-type":""},"product_brand":[],"product_cat":[2024,621],"product_tag":[],"class_list":{"0":"post-50637","1":"product","2":"type-product","3":"status-publish","4":"has-post-thumbnail","6":"product_cat-nouveautes","7":"product_cat-protection-vinyle","9":"first","10":"instock","11":"taxable","12":"shipping-taxable","13":"purchasable","14":"product-type-simple"},"acf":[],"_links":{"self":[{"href":"https:\/\/legacy.rockonwall.com\/fr\/wp-json\/wp\/v2\/product\/50637","targetHints":{"allow":["GET"]}}],"collection":[{"href":"https:\/\/legacy.rockonwall.com\/fr\/wp-json\/wp\/v2\/product"}],"about":[{"href":"https:\/\/legacy.rockonwall.com\/fr\/wp-json\/wp\/v2\/types\/product"}],"wp:featuredmedia":[{"embeddable":true,"href":"https:\/\/legacy.rockonwall.com\/fr\/wp-json\/wp\/v2\/media\/52203"}],"wp:attachment":[{"href":"https:\/\/legacy.rockonwall.com\/fr\/wp-json\/wp\/v2\/media?parent=50637"}],"wp:term":[{"taxonomy":"product_brand","embeddable":true,"href":"https:\/\/legacy.rockonwall.com\/fr\/wp-json\/wp\/v2\/product_brand?post=50637"},{"taxonomy":"product_cat","embeddable":true,"href":"https:\/\/legacy.rockonwall.com\/fr\/wp-json\/wp\/v2\/product_cat?post=50637"},{"taxonomy":"product_tag","embeddable":true,"href":"https:\/\/legacy.rockonwall.com\/fr\/wp-json\/wp\/v2\/product_tag?post=50637"}],"curies":[{"name":"wp","href":"https:\/\/api.w.org\/{rel}","templated":true}]}}