{"id":50638,"date":"2025-03-14T10:03:24","date_gmt":"2025-03-14T09:03:24","guid":{"rendered":"https:\/\/www.rockonwall.com\/?post_type=product&#038;p=50638"},"modified":"2026-04-02T13:25:47","modified_gmt":"2026-04-02T12:25:47","slug":"pochettes-exterieures-souples-pe-recycle-33t-x50-etui","status":"publish","type":"product","link":"https:\/\/legacy.rockonwall.com\/fr\/produit\/protection-vinyle\/pochettes-exterieures-souples-pe-recycle-33t-x50-etui\/","title":{"rendered":"Pochettes ext\u00e9rieures vinyle 33T \u2013 PE recycl\u00e9 80 microns \u2013 Lot de 50- Etui"},"content":{"rendered":"<p style=\"text-align: justify;\">Lot de 50 pochettes souples en poly\u00e9thyl\u00e8ne recycl\u00e9 et recyclable 80 microns\u00a0 pour la protection des <strong>disques vinyles<\/strong> 33T de la poussi\u00e8re, de l&rsquo;humidit\u00e9 et des\u00a0frottements. Convient aux <strong>disques vinyles<\/strong> 33T\u00a0simples, doubles, triples, gatefold et double gatefold.<\/p>\n<p>Conditionn\u00e9 en \u00e9tui cartonn\u00e9\u00a0 pour mise en rayon \/ brochage.<\/p>\n","protected":false},"excerpt":{"rendered":"<p>Lot de 50 pochettes souples en poly\u00e9thyl\u00e8ne recycl\u00e9 et recyclable 80 microns\u00a0 pour la protection des disques vinyles 33T de la poussi\u00e8re, de l&rsquo;humidit\u00e9 et des\u00a0frottements. Convient aux disques vinyles 33T\u00a0simples, doubles, triples, gatefold et double gatefold. Conditionn\u00e9 en \u00e9tui cartonn\u00e9\u00a0 pour mise en rayon \/ brochage.<\/p>\n","protected":false},"featured_media":52207,"template":"","meta":{"_acf_changed":false,"content-type":""},"product_brand":[],"product_cat":[2024,621],"product_tag":[630,640],"class_list":{"0":"post-50638","1":"product","2":"type-product","3":"status-publish","4":"has-post-thumbnail","6":"product_cat-nouveautes","7":"product_cat-protection-vinyle","8":"product_tag-disque-vinyle","9":"product_tag-pochette","11":"first","12":"instock","13":"taxable","14":"shipping-taxable","15":"purchasable","16":"product-type-simple"},"acf":[],"_links":{"self":[{"href":"https:\/\/legacy.rockonwall.com\/fr\/wp-json\/wp\/v2\/product\/50638","targetHints":{"allow":["GET"]}}],"collection":[{"href":"https:\/\/legacy.rockonwall.com\/fr\/wp-json\/wp\/v2\/product"}],"about":[{"href":"https:\/\/legacy.rockonwall.com\/fr\/wp-json\/wp\/v2\/types\/product"}],"wp:featuredmedia":[{"embeddable":true,"href":"https:\/\/legacy.rockonwall.com\/fr\/wp-json\/wp\/v2\/media\/52207"}],"wp:attachment":[{"href":"https:\/\/legacy.rockonwall.com\/fr\/wp-json\/wp\/v2\/media?parent=50638"}],"wp:term":[{"taxonomy":"product_brand","embeddable":true,"href":"https:\/\/legacy.rockonwall.com\/fr\/wp-json\/wp\/v2\/product_brand?post=50638"},{"taxonomy":"product_cat","embeddable":true,"href":"https:\/\/legacy.rockonwall.com\/fr\/wp-json\/wp\/v2\/product_cat?post=50638"},{"taxonomy":"product_tag","embeddable":true,"href":"https:\/\/legacy.rockonwall.com\/fr\/wp-json\/wp\/v2\/product_tag?post=50638"}],"curies":[{"name":"wp","href":"https:\/\/api.w.org\/{rel}","templated":true}]}}