{"id":50649,"date":"2025-03-14T14:19:26","date_gmt":"2025-03-14T13:19:26","guid":{"rendered":"https:\/\/www.rockonwall.com\/?post_type=product&#038;p=50649"},"modified":"2026-02-12T10:20:53","modified_gmt":"2026-02-12T09:20:53","slug":"pochettes-interieures-papier-blanc-33t-x-25-etui","status":"publish","type":"product","link":"https:\/\/legacy.rockonwall.com\/fr\/produit\/protection-vinyle\/pochettes-interieures-papier-blanc-33t-x-25-etui\/","title":{"rendered":"Pochettes int\u00e9rieures papier blanc pour disque vinyle 33T x 25 &#8211; Etui"},"content":{"rendered":"<p style=\"text-align: justify;\">Lot de 25 <strong>sous-pochettes papier blanc pour disque vinyle 33T<\/strong> avec d\u00e9coupe centrale et coins sup\u00e9rieurs arrondis, id\u00e9ales\u00a0pour une remise \u00e0 niveau \u00e9conomique de votre collection de <strong>disques vinyles\u00a033T<\/strong> ou de vos derniers achats d&rsquo;occasion.<\/p>\n","protected":false},"excerpt":{"rendered":"<p>Lot de 25 sous-pochettes papier blanc pour disque vinyle 33T avec d\u00e9coupe centrale et coins sup\u00e9rieurs arrondis, id\u00e9ales\u00a0pour une remise \u00e0 niveau \u00e9conomique de votre collection de disques vinyles\u00a033T ou de vos derniers achats d&rsquo;occasion.<\/p>\n","protected":false},"featured_media":52211,"template":"","meta":{"_acf_changed":false,"content-type":""},"product_brand":[],"product_cat":[2024,621],"product_tag":[625,640,623],"class_list":{"0":"post-50649","1":"product","2":"type-product","3":"status-publish","4":"has-post-thumbnail","6":"product_cat-nouveautes","7":"product_cat-protection-vinyle","8":"product_tag-disque","9":"product_tag-pochette","10":"product_tag-vinyle","12":"first","13":"instock","14":"taxable","15":"shipping-taxable","16":"purchasable","17":"product-type-simple"},"acf":[],"_links":{"self":[{"href":"https:\/\/legacy.rockonwall.com\/fr\/wp-json\/wp\/v2\/product\/50649","targetHints":{"allow":["GET"]}}],"collection":[{"href":"https:\/\/legacy.rockonwall.com\/fr\/wp-json\/wp\/v2\/product"}],"about":[{"href":"https:\/\/legacy.rockonwall.com\/fr\/wp-json\/wp\/v2\/types\/product"}],"wp:featuredmedia":[{"embeddable":true,"href":"https:\/\/legacy.rockonwall.com\/fr\/wp-json\/wp\/v2\/media\/52211"}],"wp:attachment":[{"href":"https:\/\/legacy.rockonwall.com\/fr\/wp-json\/wp\/v2\/media?parent=50649"}],"wp:term":[{"taxonomy":"product_brand","embeddable":true,"href":"https:\/\/legacy.rockonwall.com\/fr\/wp-json\/wp\/v2\/product_brand?post=50649"},{"taxonomy":"product_cat","embeddable":true,"href":"https:\/\/legacy.rockonwall.com\/fr\/wp-json\/wp\/v2\/product_cat?post=50649"},{"taxonomy":"product_tag","embeddable":true,"href":"https:\/\/legacy.rockonwall.com\/fr\/wp-json\/wp\/v2\/product_tag?post=50649"}],"curies":[{"name":"wp","href":"https:\/\/api.w.org\/{rel}","templated":true}]}}