{"id":50855,"date":"2025-04-01T16:12:49","date_gmt":"2025-04-01T15:12:49","guid":{"rendered":"https:\/\/www.rockonwall.com\/?post_type=product&#038;p=50855"},"modified":"2026-04-02T13:32:06","modified_gmt":"2026-04-02T12:32:06","slug":"pochette-souples-pour-disque-vinyle-gatefold-33t-lot-de-25-filmees","status":"publish","type":"product","link":"https:\/\/legacy.rockonwall.com\/fr\/produit\/protection-vinyle\/pochette-souples-pour-disque-vinyle-gatefold-33t-lot-de-25-filmees\/","title":{"rendered":"Pochette souples pour disque vinyle &#8211; gatefold 33T &#8211; lot de 25"},"content":{"rendered":"<p data-start=\"102\" data-end=\"223\"><strong data-start=\"102\" data-end=\"223\">25 pochettes souples Gatefold en poly\u00e9thyl\u00e8ne recycl\u00e9 et recyclable, con\u00e7ues pour vos vinyles double album 33 tours.<\/strong><\/p>\n<p data-start=\"225\" data-end=\"332\">Offrez une protection optimale \u00e0 vos pochettes Gatefold contre la poussi\u00e8re, l\u2019humidit\u00e9 et les frottements.<\/p>\n<p data-start=\"334\" data-end=\"378\"><strong data-start=\"334\" data-end=\"378\">L\u2019\u00e9l\u00e9gance au service de la protection !<\/strong><\/p>\n<p data-start=\"380\" data-end=\"511\">Pochette souple en poly\u00e9thyl\u00e8ne recycl\u00e9 pour vinyles Gatefold 33T \u2013 lot de 25<\/p>\n<p data-start=\"380\" data-end=\"511\">conditionn\u00e9 en \u00e9tui<\/p>\n","protected":false},"excerpt":{"rendered":"<p>25 pochettes souples Gatefold en poly\u00e9thyl\u00e8ne recycl\u00e9 et recyclable, con\u00e7ues pour vos vinyles double album 33 tours. Offrez une protection optimale \u00e0 vos pochettes Gatefold contre la poussi\u00e8re, l\u2019humidit\u00e9 et les frottements. L\u2019\u00e9l\u00e9gance au service de la protection ! Pochette souple en poly\u00e9thyl\u00e8ne recycl\u00e9 pour vinyles Gatefold 33T \u2013 lot de 25 conditionn\u00e9 en \u00e9tui<\/p>\n","protected":false},"featured_media":52209,"template":"","meta":{"_acf_changed":false,"content-type":""},"product_brand":[],"product_cat":[2024,621],"product_tag":[630,640],"class_list":{"0":"post-50855","1":"product","2":"type-product","3":"status-publish","4":"has-post-thumbnail","6":"product_cat-nouveautes","7":"product_cat-protection-vinyle","8":"product_tag-disque-vinyle","9":"product_tag-pochette","11":"first","12":"instock","13":"taxable","14":"shipping-taxable","15":"purchasable","16":"product-type-simple"},"acf":[],"_links":{"self":[{"href":"https:\/\/legacy.rockonwall.com\/fr\/wp-json\/wp\/v2\/product\/50855","targetHints":{"allow":["GET"]}}],"collection":[{"href":"https:\/\/legacy.rockonwall.com\/fr\/wp-json\/wp\/v2\/product"}],"about":[{"href":"https:\/\/legacy.rockonwall.com\/fr\/wp-json\/wp\/v2\/types\/product"}],"wp:featuredmedia":[{"embeddable":true,"href":"https:\/\/legacy.rockonwall.com\/fr\/wp-json\/wp\/v2\/media\/52209"}],"wp:attachment":[{"href":"https:\/\/legacy.rockonwall.com\/fr\/wp-json\/wp\/v2\/media?parent=50855"}],"wp:term":[{"taxonomy":"product_brand","embeddable":true,"href":"https:\/\/legacy.rockonwall.com\/fr\/wp-json\/wp\/v2\/product_brand?post=50855"},{"taxonomy":"product_cat","embeddable":true,"href":"https:\/\/legacy.rockonwall.com\/fr\/wp-json\/wp\/v2\/product_cat?post=50855"},{"taxonomy":"product_tag","embeddable":true,"href":"https:\/\/legacy.rockonwall.com\/fr\/wp-json\/wp\/v2\/product_tag?post=50855"}],"curies":[{"name":"wp","href":"https:\/\/api.w.org\/{rel}","templated":true}]}}