{"id":52889,"date":"2025-10-29T10:13:56","date_gmt":"2025-10-29T09:13:56","guid":{"rendered":"https:\/\/www.rockonwall.com\/?post_type=product&#038;p=52889"},"modified":"2026-02-20T09:58:22","modified_gmt":"2026-02-20T08:58:22","slug":"feutrine-red-dragon-pour-disque-vinyle-33t-12","status":"publish","type":"product","link":"https:\/\/legacy.rockonwall.com\/fr\/produit\/accessoires-vinyles\/feutrines\/feutrine-red-dragon-pour-disque-vinyle-33t-12\/","title":{"rendered":"Feutrine Red Dragon pour disque vinyle 33T \/ 12&Prime;"},"content":{"rendered":"<p style=\"text-align: justify;\">La Feutrine Red Dragon est fabriqu\u00e9e \u00e0 100% en feutre pour prot\u00e9ger vos disques vinyles 33T lors de la manipulation tout en ajoutant une touche unique et audacieuse \u00e0 votre platine vinyle.<\/p>\n","protected":false},"excerpt":{"rendered":"<p>La Feutrine Red Dragon est fabriqu\u00e9e \u00e0 100% en feutre pour prot\u00e9ger vos disques vinyles 33T lors de la manipulation tout en ajoutant une touche unique et audacieuse \u00e0 votre platine vinyle.<\/p>\n","protected":false},"featured_media":52891,"template":"","meta":{"_acf_changed":false,"content-type":""},"product_brand":[],"product_cat":[533,1557,2024],"product_tag":[],"class_list":{"0":"post-52889","1":"product","2":"type-product","3":"status-publish","4":"has-post-thumbnail","6":"product_cat-accessoires-vinyles","7":"product_cat-feutrines","8":"product_cat-nouveautes","9":"pa_largeur-29-cm","11":"first","12":"instock","13":"featured","14":"taxable","15":"shipping-taxable","16":"purchasable","17":"product-type-simple"},"acf":[],"_links":{"self":[{"href":"https:\/\/legacy.rockonwall.com\/fr\/wp-json\/wp\/v2\/product\/52889","targetHints":{"allow":["GET"]}}],"collection":[{"href":"https:\/\/legacy.rockonwall.com\/fr\/wp-json\/wp\/v2\/product"}],"about":[{"href":"https:\/\/legacy.rockonwall.com\/fr\/wp-json\/wp\/v2\/types\/product"}],"wp:featuredmedia":[{"embeddable":true,"href":"https:\/\/legacy.rockonwall.com\/fr\/wp-json\/wp\/v2\/media\/52891"}],"wp:attachment":[{"href":"https:\/\/legacy.rockonwall.com\/fr\/wp-json\/wp\/v2\/media?parent=52889"}],"wp:term":[{"taxonomy":"product_brand","embeddable":true,"href":"https:\/\/legacy.rockonwall.com\/fr\/wp-json\/wp\/v2\/product_brand?post=52889"},{"taxonomy":"product_cat","embeddable":true,"href":"https:\/\/legacy.rockonwall.com\/fr\/wp-json\/wp\/v2\/product_cat?post=52889"},{"taxonomy":"product_tag","embeddable":true,"href":"https:\/\/legacy.rockonwall.com\/fr\/wp-json\/wp\/v2\/product_tag?post=52889"}],"curies":[{"name":"wp","href":"https:\/\/api.w.org\/{rel}","templated":true}]}}